  {"id":11086,"date":"2024-05-10T13:31:50","date_gmt":"2024-05-10T11:31:50","guid":{"rendered":"https:\/\/ij.uni.opole.pl\/contact\/"},"modified":"2026-05-05T22:18:33","modified_gmt":"2026-05-05T20:18:33","slug":"contact","status":"publish","type":"page","link":"https:\/\/ij.uni.opole.pl\/en\/contact\/","title":{"rendered":"Contact"},"content":{"rendered":"\t\t<div data-elementor-type=\"wp-page\" data-elementor-id=\"11086\" class=\"elementor elementor-11086 elementor-8413\" data-elementor-post-type=\"page\">\n\t\t\t\t<div class=\"elementor-element elementor-element-5aee2528 e-flex e-con-boxed e-con e-parent\" data-id=\"5aee2528\" data-element_type=\"container\" data-e-type=\"container\" data-settings=\"{&quot;jet_parallax_layout_list&quot;:[]}\">\n\t\t\t\t\t<div class=\"e-con-inner\">\n\t\t\t\t<div class=\"elementor-element elementor-element-129c6da4 elementor-widget elementor-widget-heading\" data-id=\"129c6da4\" data-element_type=\"widget\" data-e-type=\"widget\" data-widget_type=\"heading.default\">\n\t\t\t\t<div class=\"elementor-widget-container\">\n\t\t\t\t\t<h1 class=\"elementor-heading-title elementor-size-default\">Contact<\/h1>\t\t\t\t<\/div>\n\t\t\t\t<\/div>\n\t\t\t\t\t<\/div>\n\t\t\t\t<\/div>\n\t\t<div class=\"elementor-element elementor-element-b0d3564 e-flex e-con-boxed e-con e-parent\" data-id=\"b0d3564\" data-element_type=\"container\" data-e-type=\"container\" data-settings=\"{&quot;jet_parallax_layout_list&quot;:[]}\">\n\t\t\t\t\t<div class=\"e-con-inner\">\n\t\t<div class=\"elementor-element elementor-element-1686b7e e-con-full e-flex e-con e-child\" data-id=\"1686b7e\" data-element_type=\"container\" data-e-type=\"container\" data-settings=\"{&quot;jet_parallax_layout_list&quot;:[]}\">\n\t\t\t\t<div class=\"elementor-element elementor-element-b7c5802 elementor-widget elementor-widget-text-editor\" data-id=\"b7c5802\" data-element_type=\"widget\" data-e-type=\"widget\" data-widget_type=\"text-editor.default\">\n\t\t\t\t<div class=\"elementor-widget-container\">\n\t\t\t\t\t\t\t\t\t<p>Contact details:<\/p>\n\t\t\t\t\t\t\t\t<\/div>\n\t\t\t\t<\/div>\n\t\t\t\t<div class=\"elementor-element elementor-element-57f8a1c elementor-widget elementor-widget-text-editor\" data-id=\"57f8a1c\" data-element_type=\"widget\" data-e-type=\"widget\" data-widget_type=\"text-editor.default\">\n\t\t\t\t<div class=\"elementor-widget-container\">\n\t\t\t\t\t\t\t\t\t<p>Institute of Linguistics<\/p>\n<p>Miko\u0142aja Kopernika 11<br \/>45-040 Opole<\/p>\n\t\t\t\t\t\t\t\t<\/div>\n\t\t\t\t<\/div>\n\t\t\t\t<div class=\"elementor-element elementor-element-63b18e1 elementor-widget elementor-widget-text-editor\" data-id=\"63b18e1\" data-element_type=\"widget\" data-e-type=\"widget\" id=\"sekretariat\" data-widget_type=\"text-editor.default\">\n\t\t\t\t<div class=\"elementor-widget-container\">\n\t\t\t\t\t\t\t\t\t<p><strong>Secretary\u2019s office:<\/strong><\/p>\n\t\t\t\t\t\t\t\t<\/div>\n\t\t\t\t<\/div>\n\t\t\t\t<div class=\"elementor-element elementor-element-2e22d4e elementor-widget elementor-widget-text-editor\" data-id=\"2e22d4e\" data-element_type=\"widget\" data-e-type=\"widget\" data-widget_type=\"text-editor.default\">\n\t\t\t\t<div class=\"elementor-widget-container\">\n\t\t\t\t\t\t\t\t\t<p><strong>mgr Ewa Firlus<\/strong><br \/><img decoding=\"async\" class=\"alignnone wp-image-4924\" src=\"https:\/\/instytut-dev.uni.opole.pl\/wp-content\/uploads\/sites\/7\/icon-phone.svg\" alt=\"\" width=\"16\" height=\"16\" \/>\u00a0 +48 77 541 60 03, wew. 203<br \/><img decoding=\"async\" class=\"alignnone wp-image-4922\" src=\"https:\/\/instytut-dev.uni.opole.pl\/wp-content\/uploads\/sites\/7\/icon-email.svg\" alt=\"\" width=\"16\" height=\"11\" \/>\u00a0 <a href=\"mailto:ewa.firlus@uni.opole.pl\">ewa.firlus@uni.opole.pl<\/a><br \/><img decoding=\"async\" class=\"alignnone wp-image-5824\" style=\"vertical-align: bottom\" src=\"https:\/\/instytut-dev.uni.opole.pl\/wp-content\/uploads\/sites\/7\/icon-door.svg\" alt=\"\" width=\"12\" height=\"18\" \/> \u00a0 pok\u00f3j: 203<\/p>\n\t\t\t\t\t\t\t\t<\/div>\n\t\t\t\t<\/div>\n\t\t\t\t<div class=\"elementor-element elementor-element-bd78c22 elementor-widget elementor-widget-text-editor\" data-id=\"bd78c22\" data-element_type=\"widget\" data-e-type=\"widget\" data-widget_type=\"text-editor.default\">\n\t\t\t\t<div class=\"elementor-widget-container\">\n\t\t\t\t\t\t\t\t\t<p>Office hours:<br \/>monday &#8211; friday, 7:30 &#8211; 15:30<\/p>\n\t\t\t\t\t\t\t\t<\/div>\n\t\t\t\t<\/div>\n\t\t\t\t<div class=\"elementor-element elementor-element-3ad2bdb elementor-widget elementor-widget-text-editor\" data-id=\"3ad2bdb\" data-element_type=\"widget\" data-e-type=\"widget\" data-widget_type=\"text-editor.default\">\n\t\t\t\t<div class=\"elementor-widget-container\">\n\t\t\t\t\t\t\t\t\t<p><strong>Katedra Akwizycji J\u0119zyka Angielskiego:<\/strong><\/p>\n\t\t\t\t\t\t\t\t<\/div>\n\t\t\t\t<\/div>\n\t\t\t\t<div class=\"elementor-element elementor-element-a8ec778 elementor-widget elementor-widget-text-editor\" data-id=\"a8ec778\" data-element_type=\"widget\" data-e-type=\"widget\" data-widget_type=\"text-editor.default\">\n\t\t\t\t<div class=\"elementor-widget-container\">\n\t\t\t\t\t\t\t\t\t<p><strong>prof. dr hab. Ewa Piechurska-Kuciel<\/strong><br \/><img decoding=\"async\" class=\"alignnone wp-image-4924\" src=\"https:\/\/instytut-dev.uni.opole.pl\/wp-content\/uploads\/sites\/7\/icon-phone.svg\" alt=\"\" width=\"16\" height=\"16\" \/>\u00a0 +48 77 541 59 17<br \/><img decoding=\"async\" class=\"alignnone wp-image-4922\" src=\"https:\/\/instytut-dev.uni.opole.pl\/wp-content\/uploads\/sites\/7\/icon-email.svg\" alt=\"\" width=\"16\" height=\"11\" \/>\u00a0 <a href=\"mailto:ewa.piechurska-kuciel@uni.opole.pl\">ewa.piechurska-kuciel@uni.opole.pl<\/a><br \/><img decoding=\"async\" class=\"alignnone wp-image-5824\" style=\"vertical-align: bottom\" src=\"https:\/\/instytut-dev.uni.opole.pl\/wp-content\/uploads\/sites\/7\/icon-door.svg\" alt=\"\" width=\"12\" height=\"18\" \/> \u00a0 pok\u00f3j: 117<\/p>\n\t\t\t\t\t\t\t\t<\/div>\n\t\t\t\t<\/div>\n\t\t\t\t<div class=\"elementor-element elementor-element-68394ca elementor-widget elementor-widget-text-editor\" data-id=\"68394ca\" data-element_type=\"widget\" data-e-type=\"widget\" data-widget_type=\"text-editor.default\">\n\t\t\t\t<div class=\"elementor-widget-container\">\n\t\t\t\t\t\t\t\t\t<p><strong>Katedra J\u0119zyka Angielskiego:<\/strong><\/p>\n\t\t\t\t\t\t\t\t<\/div>\n\t\t\t\t<\/div>\n\t\t\t\t<div class=\"elementor-element elementor-element-993ab3c elementor-widget elementor-widget-text-editor\" data-id=\"993ab3c\" data-element_type=\"widget\" data-e-type=\"widget\" data-widget_type=\"text-editor.default\">\n\t\t\t\t<div class=\"elementor-widget-container\">\n\t\t\t\t\t\t\t\t\t<p><strong>dr hab. Katarzyna Molek-Kozakowska, prof. UO<\/strong><br \/><img decoding=\"async\" class=\"alignnone wp-image-4924\" src=\"https:\/\/instytut-dev.uni.opole.pl\/wp-content\/uploads\/sites\/7\/icon-phone.svg\" alt=\"\" width=\"16\" height=\"16\" \/>\u00a0 +48 77 541 59 20<br \/><img decoding=\"async\" class=\"alignnone wp-image-4922\" src=\"https:\/\/instytut-dev.uni.opole.pl\/wp-content\/uploads\/sites\/7\/icon-email.svg\" alt=\"\" width=\"16\" height=\"11\" \/>\u00a0 <a href=\"mailto:katarzyna.molek-kozakowska@uni.opole.pl\">katarzyna.molek-kozakowska@uni.opole.pl<\/a><br \/><img decoding=\"async\" class=\"alignnone wp-image-5824\" style=\"vertical-align: bottom\" src=\"https:\/\/instytut-dev.uni.opole.pl\/wp-content\/uploads\/sites\/7\/icon-door.svg\" alt=\"\" width=\"12\" height=\"18\" \/> \u00a0 pok\u00f3j: 120<\/p>\n\t\t\t\t\t\t\t\t<\/div>\n\t\t\t\t<\/div>\n\t\t\t\t<div class=\"elementor-element elementor-element-5074165 elementor-widget elementor-widget-text-editor\" data-id=\"5074165\" data-element_type=\"widget\" data-e-type=\"widget\" data-widget_type=\"text-editor.default\">\n\t\t\t\t<div class=\"elementor-widget-container\">\n\t\t\t\t\t\t\t\t\t<p><strong>Katedra J\u0119zyka Francuskiego:<\/strong><\/p>\n\t\t\t\t\t\t\t\t<\/div>\n\t\t\t\t<\/div>\n\t\t\t\t<div class=\"elementor-element elementor-element-dc787f7 elementor-widget elementor-widget-text-editor\" data-id=\"dc787f7\" data-element_type=\"widget\" data-e-type=\"widget\" data-widget_type=\"text-editor.default\">\n\t\t\t\t<div class=\"elementor-widget-container\">\n\t\t\t\t\t\t\t\t\t<p><strong>dr hab. Magdalena Da\u0144ko, prof. UO<\/strong><br \/><img decoding=\"async\" class=\"alignnone wp-image-4924\" src=\"https:\/\/instytut-dev.uni.opole.pl\/wp-content\/uploads\/sites\/7\/icon-phone.svg\" alt=\"\" width=\"16\" height=\"16\" \/>\u00a0 +48 77 541 60 12<br \/><img decoding=\"async\" class=\"alignnone wp-image-4922\" src=\"https:\/\/instytut-dev.uni.opole.pl\/wp-content\/uploads\/sites\/7\/icon-email.svg\" alt=\"\" width=\"16\" height=\"11\" \/>\u00a0 <a href=\"mailto:magdalena.da\u0144ko@uni.opole.pl\">magdalena.da\u0144ko@uni.opole.pl<\/a><br \/><img decoding=\"async\" class=\"alignnone wp-image-5824\" style=\"vertical-align: bottom\" src=\"https:\/\/instytut-dev.uni.opole.pl\/wp-content\/uploads\/sites\/7\/icon-door.svg\" alt=\"\" width=\"12\" height=\"18\" \/> \u00a0 pok\u00f3j: 212<\/p>\n\t\t\t\t\t\t\t\t<\/div>\n\t\t\t\t<\/div>\n\t\t\t\t<div class=\"elementor-element elementor-element-8e69dea elementor-widget elementor-widget-text-editor\" data-id=\"8e69dea\" data-element_type=\"widget\" data-e-type=\"widget\" data-widget_type=\"text-editor.default\">\n\t\t\t\t<div class=\"elementor-widget-container\">\n\t\t\t\t\t\t\t\t\t<p><strong>Katedra J\u0119zyka Niemieckiego:<\/strong><\/p>\n\t\t\t\t\t\t\t\t<\/div>\n\t\t\t\t<\/div>\n\t\t\t\t<div class=\"elementor-element elementor-element-3e6cc56 elementor-widget elementor-widget-text-editor\" data-id=\"3e6cc56\" data-element_type=\"widget\" data-e-type=\"widget\" data-widget_type=\"text-editor.default\">\n\t\t\t\t<div class=\"elementor-widget-container\">\n\t\t\t\t\t\t\t\t\t<p><strong>dr Mariola Majnusz-Stadnik<br \/><\/strong><img decoding=\"async\" class=\"alignnone wp-image-4924\" src=\"https:\/\/instytut-dev.uni.opole.pl\/wp-content\/uploads\/sites\/7\/icon-phone.svg\" alt=\"\" width=\"16\" height=\"16\" \/>\u00a0 +48 77 452 73 81<br \/><img decoding=\"async\" class=\"alignnone wp-image-4922\" src=\"https:\/\/instytut-dev.uni.opole.pl\/wp-content\/uploads\/sites\/7\/icon-email.svg\" alt=\"\" width=\"16\" height=\"11\" \/>\u00a0 <a href=\"mailto:mariola.majnusz-stadnik@uni.opole.pl\">mariola.majnusz-stadnik@uni.opole.pl<\/a><br \/><img decoding=\"async\" class=\"alignnone wp-image-5824\" style=\"vertical-align: bottom\" src=\"https:\/\/instytut-dev.uni.opole.pl\/wp-content\/uploads\/sites\/7\/icon-door.svg\" alt=\"\" width=\"12\" height=\"18\" \/> \u00a0 pok\u00f3j: 114 (pl. Staszica 1)<\/p>\n\t\t\t\t\t\t\t\t<\/div>\n\t\t\t\t<\/div>\n\t\t\t\t<div class=\"elementor-element elementor-element-9acc15f elementor-widget elementor-widget-text-editor\" data-id=\"9acc15f\" data-element_type=\"widget\" data-e-type=\"widget\" data-widget_type=\"text-editor.default\">\n\t\t\t\t<div class=\"elementor-widget-container\">\n\t\t\t\t\t\t\t\t\t<p><strong>Katedra J\u0119zyka Polskiego:<\/strong><\/p>\n\t\t\t\t\t\t\t\t<\/div>\n\t\t\t\t<\/div>\n\t\t\t\t<div class=\"elementor-element elementor-element-cfbca01 elementor-widget elementor-widget-text-editor\" data-id=\"cfbca01\" data-element_type=\"widget\" data-e-type=\"widget\" data-widget_type=\"text-editor.default\">\n\t\t\t\t<div class=\"elementor-widget-container\">\n\t\t\t\t\t\t\t\t\t<p><strong>prof. dr hab. Jolanta Noco\u0144<\/strong><br \/><img decoding=\"async\" class=\"alignnone wp-image-4924\" src=\"https:\/\/instytut-dev.uni.opole.pl\/wp-content\/uploads\/sites\/7\/icon-phone.svg\" alt=\"\" width=\"16\" height=\"16\" \/>\u00a0 +48 77 541 61 17<br \/><img decoding=\"async\" class=\"alignnone wp-image-4922\" src=\"https:\/\/instytut-dev.uni.opole.pl\/wp-content\/uploads\/sites\/7\/icon-email.svg\" alt=\"\" width=\"16\" height=\"11\" \/>\u00a0 <a href=\"mailto:jolanta.noco\u0144@uni.opole.pl\">jolanta.noco\u0144@uni.opole.pl<\/a><br \/><img decoding=\"async\" class=\"alignnone wp-image-5824\" style=\"vertical-align: bottom\" src=\"https:\/\/instytut-dev.uni.opole.pl\/wp-content\/uploads\/sites\/7\/icon-door.svg\" alt=\"\" width=\"12\" height=\"18\" \/> \u00a0 pok\u00f3j: 317<\/p>\n\t\t\t\t\t\t\t\t<\/div>\n\t\t\t\t<\/div>\n\t\t\t\t<div class=\"elementor-element elementor-element-7cec950 elementor-widget elementor-widget-text-editor\" data-id=\"7cec950\" data-element_type=\"widget\" data-e-type=\"widget\" data-widget_type=\"text-editor.default\">\n\t\t\t\t<div class=\"elementor-widget-container\">\n\t\t\t\t\t\t\t\t\t<p><strong>Katedra J\u0119zyk\u00f3w S\u0142owia\u0144skich:<\/strong><\/p>\n\t\t\t\t\t\t\t\t<\/div>\n\t\t\t\t<\/div>\n\t\t\t\t<div class=\"elementor-element elementor-element-4ed573c elementor-widget elementor-widget-text-editor\" data-id=\"4ed573c\" data-element_type=\"widget\" data-e-type=\"widget\" data-widget_type=\"text-editor.default\">\n\t\t\t\t<div class=\"elementor-widget-container\">\n\t\t\t\t\t\t\t\t\t<p><strong>dr hab. Gra\u017cyna Balowska, prof. UO<\/strong><br \/><img decoding=\"async\" class=\"alignnone wp-image-4924\" src=\"https:\/\/instytut-dev.uni.opole.pl\/wp-content\/uploads\/sites\/7\/icon-phone.svg\" alt=\"\" width=\"16\" height=\"16\" \/>\u00a0 +48 77 541 60 16<br \/><img decoding=\"async\" class=\"alignnone wp-image-4922\" src=\"https:\/\/instytut-dev.uni.opole.pl\/wp-content\/uploads\/sites\/7\/icon-email.svg\" alt=\"\" width=\"16\" height=\"11\" \/>\u00a0 <a href=\"mailto:gra\u017cyna.balowska@uni.opole.pl\">gra\u017cyna.balowska@uni.opole.pl<\/a><br \/><img decoding=\"async\" class=\"alignnone wp-image-5824\" style=\"vertical-align: bottom\" src=\"https:\/\/instytut-dev.uni.opole.pl\/wp-content\/uploads\/sites\/7\/icon-door.svg\" alt=\"\" width=\"12\" height=\"18\" \/> \u00a0 pok\u00f3j: 216b<\/p>\n\t\t\t\t\t\t\t\t<\/div>\n\t\t\t\t<\/div>\n\t\t\t\t<div class=\"elementor-element elementor-element-ddb9b52 elementor-widget elementor-widget-text-editor\" data-id=\"ddb9b52\" data-element_type=\"widget\" data-e-type=\"widget\" data-widget_type=\"text-editor.default\">\n\t\t\t\t<div class=\"elementor-widget-container\">\n\t\t\t\t\t\t\t\t\t<p><strong>Katedra Logopedii:<\/strong><\/p>\n\t\t\t\t\t\t\t\t<\/div>\n\t\t\t\t<\/div>\n\t\t\t\t<div class=\"elementor-element elementor-element-17df50e elementor-widget elementor-widget-text-editor\" data-id=\"17df50e\" data-element_type=\"widget\" data-e-type=\"widget\" data-widget_type=\"text-editor.default\">\n\t\t\t\t<div class=\"elementor-widget-container\">\n\t\t\t\t\t\t\t\t\t<p><strong>dr hab. Danuta Lech-Kirstein, prof. UO<\/strong><br \/><img decoding=\"async\" class=\"alignnone wp-image-4924\" src=\"https:\/\/instytut-dev.uni.opole.pl\/wp-content\/uploads\/sites\/7\/icon-phone.svg\" alt=\"\" width=\"16\" height=\"16\" \/>\u00a0 +48 77 541 61 18<br \/><img decoding=\"async\" class=\"alignnone wp-image-4922\" src=\"https:\/\/instytut-dev.uni.opole.pl\/wp-content\/uploads\/sites\/7\/icon-email.svg\" alt=\"\" width=\"16\" height=\"11\" \/>\u00a0 <a href=\"mailto:dlech@uni.opole.pl\">danuta.lech-kirstein@uni.opole.pl<\/a><br \/><img decoding=\"async\" class=\"alignnone wp-image-5824\" style=\"vertical-align: bottom\" src=\"https:\/\/instytut-dev.uni.opole.pl\/wp-content\/uploads\/sites\/7\/icon-door.svg\" alt=\"\" width=\"12\" height=\"18\" \/> \u00a0 pok\u00f3j: 318<\/p>\n\t\t\t\t\t\t\t\t<\/div>\n\t\t\t\t<\/div>\n\t\t\t\t<div class=\"elementor-element elementor-element-d6e35fc elementor-widget elementor-widget-text-editor\" data-id=\"d6e35fc\" data-element_type=\"widget\" data-e-type=\"widget\" data-widget_type=\"text-editor.default\">\n\t\t\t\t<div class=\"elementor-widget-container\">\n\t\t\t\t\t\t\t\t\t<p><strong>Katedra Nauk o Religii i Kulturze:<\/strong><\/p>\n\t\t\t\t\t\t\t\t<\/div>\n\t\t\t\t<\/div>\n\t\t\t\t<div class=\"elementor-element elementor-element-44f5ca4 elementor-widget elementor-widget-text-editor\" data-id=\"44f5ca4\" data-element_type=\"widget\" data-e-type=\"widget\" data-widget_type=\"text-editor.default\">\n\t\t\t\t<div class=\"elementor-widget-container\">\n\t\t\t\t\t\t\t\t\t<p><strong>dr Micha\u0142 Wanke<\/strong><br \/><img decoding=\"async\" class=\"alignnone wp-image-4924\" src=\"https:\/\/instytut-dev.uni.opole.pl\/wp-content\/uploads\/sites\/7\/icon-phone.svg\" alt=\"\" width=\"16\" height=\"16\" \/>\u00a0 +48 77 541 61 14<br \/><img decoding=\"async\" class=\"alignnone wp-image-4922\" src=\"https:\/\/instytut-dev.uni.opole.pl\/wp-content\/uploads\/sites\/7\/icon-email.svg\" alt=\"\" width=\"16\" height=\"11\" \/>\u00a0 <a href=\"mailto:michal@uni.opole.pl\">micha\u0142.wanke@uni.opole.pl<\/a><br \/><img decoding=\"async\" class=\"alignnone wp-image-5824\" style=\"vertical-align: bottom\" src=\"https:\/\/instytut-dev.uni.opole.pl\/wp-content\/uploads\/sites\/7\/icon-door.svg\" alt=\"\" width=\"12\" height=\"18\" \/> \u00a0 pok\u00f3j: 314<\/p>\n\t\t\t\t\t\t\t\t<\/div>\n\t\t\t\t<\/div>\n\t\t\t\t<\/div>\n\t\t<div class=\"elementor-element elementor-element-e089493 e-con-full e-flex e-con e-child\" data-id=\"e089493\" data-element_type=\"container\" data-e-type=\"container\" data-settings=\"{&quot;jet_parallax_layout_list&quot;:[]}\">\n\t\t\t\t<div class=\"elementor-element elementor-element-5b72fe5 elementor-button-align-stretch elementor-widget elementor-widget-form\" data-id=\"5b72fe5\" data-element_type=\"widget\" data-e-type=\"widget\" data-settings=\"{&quot;step_next_label&quot;:&quot;Nast\\u0119pny&quot;,&quot;step_previous_label&quot;:&quot;Poprzedni&quot;,&quot;button_width&quot;:&quot;100&quot;,&quot;step_type&quot;:&quot;number_text&quot;,&quot;step_icon_shape&quot;:&quot;circle&quot;}\" data-widget_type=\"form.default\">\n\t\t\t\t<div class=\"elementor-widget-container\">\n\t\t\t\t\t\t\t<form class=\"elementor-form\" method=\"post\" name=\"Formularz kontaktowy\" aria-label=\"Formularz kontaktowy\">\n\t\t\t<input type=\"hidden\" name=\"post_id\" value=\"11086\"\/>\n\t\t\t<input type=\"hidden\" name=\"form_id\" value=\"5b72fe5\"\/>\n\t\t\t<input type=\"hidden\" name=\"referer_title\" value=\"\" \/>\n\n\t\t\t\n\t\t\t<div class=\"elementor-form-fields-wrapper elementor-labels-\">\n\t\t\t\t\t\t\t\t<div class=\"elementor-field-type-text elementor-field-group elementor-column elementor-field-group-name elementor-col-100 elementor-field-required\">\n\t\t\t\t\t\t\t\t\t\t\t\t<label for=\"form-field-name\" class=\"elementor-field-label elementor-screen-only\">\n\t\t\t\t\t\t\t\tImi\u0119 i nazwisko\t\t\t\t\t\t\t<\/label>\n\t\t\t\t\t\t\t\t\t\t\t\t\t\t<input size=\"1\" type=\"text\" name=\"form_fields[name]\" id=\"form-field-name\" class=\"elementor-field elementor-size-sm  elementor-field-textual\" placeholder=\"Imi\u0119 i nazwisko\" required=\"required\">\n\t\t\t\t\t\t\t\t\t\t\t<\/div>\n\t\t\t\t\t\t\t\t<div class=\"elementor-field-type-email elementor-field-group elementor-column elementor-field-group-email elementor-col-100 elementor-field-required\">\n\t\t\t\t\t\t\t\t\t\t\t\t<label for=\"form-field-email\" class=\"elementor-field-label elementor-screen-only\">\n\t\t\t\t\t\t\t\tE-mail\t\t\t\t\t\t\t<\/label>\n\t\t\t\t\t\t\t\t\t\t\t\t\t\t<input size=\"1\" type=\"email\" name=\"form_fields[email]\" id=\"form-field-email\" class=\"elementor-field elementor-size-sm  elementor-field-textual\" placeholder=\"E-mail\" required=\"required\">\n\t\t\t\t\t\t\t\t\t\t\t<\/div>\n\t\t\t\t\t\t\t\t<div class=\"elementor-field-type-textarea elementor-field-group elementor-column elementor-field-group-message elementor-col-100 elementor-field-required\">\n\t\t\t\t\t\t\t\t\t\t\t\t<label for=\"form-field-message\" class=\"elementor-field-label elementor-screen-only\">\n\t\t\t\t\t\t\t\tWiadomo\u015b\u0107\t\t\t\t\t\t\t<\/label>\n\t\t\t\t\t\t<textarea class=\"elementor-field-textual elementor-field  elementor-size-sm\" name=\"form_fields[message]\" id=\"form-field-message\" rows=\"10\" placeholder=\"Wiadomo\u015b\u0107\" required=\"required\"><\/textarea>\t\t\t\t<\/div>\n\t\t\t\t\t\t\t\t<div class=\"elementor-field-type-recaptcha_v3 elementor-field-group elementor-column elementor-field-group-field_af3e708 elementor-col-100 recaptcha_v3-bottomright\">\n\t\t\t\t\t<div class=\"elementor-field\" id=\"form-field-field_af3e708\"><div class=\"elementor-g-recaptcha\" data-sitekey=\"6Ldz4IQqAAAAANXaRvjpYw_5KfW1DRdyZFdNGMfO\" data-type=\"v3\" data-action=\"Form\" data-badge=\"bottomright\" data-size=\"invisible\"><\/div><\/div>\t\t\t\t<\/div>\n\t\t\t\t\t\t\t\t<div class=\"elementor-field-group elementor-column elementor-field-type-submit elementor-col-100 e-form__buttons\">\n\t\t\t\t\t<button class=\"elementor-button elementor-size-sm\" type=\"submit\">\n\t\t\t\t\t\t<span class=\"elementor-button-content-wrapper\">\n\t\t\t\t\t\t\t\t\t\t\t\t\t\t\t\t\t\t\t\t\t\t<span class=\"elementor-button-text\">Wy\u015blij<\/span>\n\t\t\t\t\t\t\t\t\t\t\t\t\t<\/span>\n\t\t\t\t\t<\/button>\n\t\t\t\t<\/div>\n\t\t\t<\/div>\n\t\t<\/form>\n\t\t\t\t\t\t<\/div>\n\t\t\t\t<\/div>\n\t\t\t\t<\/div>\n\t\t\t\t\t<\/div>\n\t\t\t\t<\/div>\n\t\t\t\t<\/div>\n\t\t","protected":false},"excerpt":{"rendered":"<p>Contact Contact details: Institute of Linguistics Miko\u0142aja Kopernika 1145-040 Opole Secretary\u2019s office: mgr Ewa Firlus\u00a0 +48 77 541 60 03, wew. 203\u00a0 ewa.firlus@uni.opole.pl \u00a0 pok\u00f3j: 203 Office hours:monday &#8211; friday, 7:30 &#8211; 15:30 Katedra Akwizycji J\u0119zyka Angielskiego: prof. dr hab. Ewa Piechurska-Kuciel\u00a0 +48 77 541 59 17\u00a0 ewa.piechurska-kuciel@uni.opole.pl \u00a0 pok\u00f3j: 117 Katedra J\u0119zyka Angielskiego: dr [&hellip;]<\/p>\n","protected":false},"author":5,"featured_media":0,"parent":0,"menu_order":0,"comment_status":"closed","ping_status":"closed","template":"","meta":{"footnotes":""},"class_list":["post-11086","page","type-page","status-publish","hentry"],"_links":{"self":[{"href":"https:\/\/ij.uni.opole.pl\/en\/wp-json\/wp\/v2\/pages\/11086","targetHints":{"allow":["GET"]}}],"collection":[{"href":"https:\/\/ij.uni.opole.pl\/en\/wp-json\/wp\/v2\/pages"}],"about":[{"href":"https:\/\/ij.uni.opole.pl\/en\/wp-json\/wp\/v2\/types\/page"}],"author":[{"embeddable":true,"href":"https:\/\/ij.uni.opole.pl\/en\/wp-json\/wp\/v2\/users\/5"}],"replies":[{"embeddable":true,"href":"https:\/\/ij.uni.opole.pl\/en\/wp-json\/wp\/v2\/comments?post=11086"}],"version-history":[{"count":1,"href":"https:\/\/ij.uni.opole.pl\/en\/wp-json\/wp\/v2\/pages\/11086\/revisions"}],"predecessor-version":[{"id":11087,"href":"https:\/\/ij.uni.opole.pl\/en\/wp-json\/wp\/v2\/pages\/11086\/revisions\/11087"}],"wp:attachment":[{"href":"https:\/\/ij.uni.opole.pl\/en\/wp-json\/wp\/v2\/media?parent=11086"}],"curies":[{"name":"wp","href":"https:\/\/api.w.org\/{rel}","templated":true}]}}