  {"id":11398,"date":"2024-05-10T13:25:30","date_gmt":"2024-05-10T11:25:30","guid":{"rendered":"https:\/\/ij.uni.opole.pl\/kooperierende-institutionen\/"},"modified":"2026-05-12T10:53:11","modified_gmt":"2026-05-12T08:53:11","slug":"kooperierende-institutionen","status":"publish","type":"page","link":"https:\/\/ij.uni.opole.pl\/de\/kooperierende-institutionen\/","title":{"rendered":"Kooperierende Institutionen"},"content":{"rendered":"\t\t<div data-elementor-type=\"wp-page\" data-elementor-id=\"11398\" class=\"elementor elementor-11398 elementor-8410\" data-elementor-post-type=\"page\">\n\t\t\t\t<div class=\"elementor-element elementor-element-2abcb41d e-flex e-con-boxed e-con e-parent\" data-id=\"2abcb41d\" data-element_type=\"container\" data-e-type=\"container\" data-settings=\"{&quot;jet_parallax_layout_list&quot;:[]}\">\n\t\t\t\t\t<div class=\"e-con-inner\">\n\t\t\t\t<div class=\"elementor-element elementor-element-15a6276b elementor-widget elementor-widget-heading\" data-id=\"15a6276b\" data-element_type=\"widget\" data-e-type=\"widget\" data-widget_type=\"heading.default\">\n\t\t\t\t<div class=\"elementor-widget-container\">\n\t\t\t\t\t<h1 class=\"elementor-heading-title elementor-size-default\">Kooperierende Institutionen<\/h1>\t\t\t\t<\/div>\n\t\t\t\t<\/div>\n\t\t\t\t\t<\/div>\n\t\t\t\t<\/div>\n\t\t<div class=\"elementor-element elementor-element-4da036a e-flex e-con-boxed e-con e-parent\" data-id=\"4da036a\" data-element_type=\"container\" data-e-type=\"container\" data-settings=\"{&quot;jet_parallax_layout_list&quot;:[]}\">\n\t\t\t\t\t<div class=\"e-con-inner\">\n\t\t\t\t<div class=\"elementor-element elementor-element-0d53c49 elementor-widget elementor-widget-heading\" data-id=\"0d53c49\" data-element_type=\"widget\" data-e-type=\"widget\" data-widget_type=\"heading.default\">\n\t\t\t\t<div class=\"elementor-widget-container\">\n\t\t\t\t\t<p class=\"elementor-heading-title elementor-size-default\">\u201eCitizen Science f\u00fcr die Schulen der Stadt Opole\u201c und \u201eDisInfoResist\u201c<\/p>\t\t\t\t<\/div>\n\t\t\t\t<\/div>\n\t\t\t\t\t<\/div>\n\t\t\t\t<\/div>\n\t\t<div class=\"elementor-element elementor-element-72467da9 e-flex e-con-boxed e-con e-parent\" data-id=\"72467da9\" data-element_type=\"container\" data-e-type=\"container\" data-settings=\"{&quot;jet_parallax_layout_list&quot;:[]}\">\n\t\t\t\t\t<div class=\"e-con-inner\">\n\t\t<div class=\"elementor-element elementor-element-5d034d78 e-flex e-con-boxed e-con e-child\" data-id=\"5d034d78\" data-element_type=\"container\" data-e-type=\"container\" data-settings=\"{&quot;jet_parallax_layout_list&quot;:[]}\">\n\t\t\t\t\t<div class=\"e-con-inner\">\n\t\t\t\t<div class=\"elementor-element elementor-element-44edcd9 elementor-widget elementor-widget-text-editor\" data-id=\"44edcd9\" data-element_type=\"widget\" data-e-type=\"widget\" data-widget_type=\"text-editor.default\">\n\t\t\t\t<div class=\"elementor-widget-container\">\n\t\t\t\t\t\t\t\t\t<p>Im Rahmen der Projekte <strong>\u201eCitizen Science f\u00fcr die Schulen der Stadt Opole\u201c <\/strong>und <strong>\u201eDisInfoResist\u201c <\/strong>arbeitet das Institut f\u00fcr Sprachwissenschaft mit dem Bildungsamt der Stadt Opole zusammen, das bei der Aufnahme der Zusammenarbeit mit den einzelnen Einrichtungen vermittelt. Bislang wurden die Projekte an folgenden Gymnasien in Opole und in der Woiwodschaft Opole durchgef\u00fchrt:<\/p>\n<ul>\n<li><a href=\"https:\/\/waszaedukacja.pl\/ponadgimnazjalne\/i-publiczne-liceum-im-mikolaja-kopernika-opole-674\" target=\"_blank\" rel=\"noopener\">I Liceum im. Miko\u0142aja Kopernika Opole<\/a>,<\/li>\n<li><a href=\"https:\/\/waszaedukacja.pl\/ponadgimnazjalne\/ii-publiczne-liceum-im-m-konopnickiej-z-oddzialami-dwujezycznymi-opole-678\" target=\"_blank\" rel=\"noopener\">II Liceum z Oddzia\u0142ami Dwuj\u0119zycznymi im. M. Konopnickiej Opole<\/a>,<\/li>\n<li><a href=\"https:\/\/waszaedukacja.pl\/ponadgimnazjalne\/iii-publiczne-liceum-im-m-sklodowskiej-curie-z-oddzialami-dwujezycznymi-opole-677\" target=\"_blank\" rel=\"noopener\">III Liceum z Oddzia\u0142ami Dwuj\u0119zycznymi im. M. Sk\u0142odowskiej-Curie Opole<\/a>,<\/li>\n<li><a href=\"https:\/\/waszaedukacja.pl\/ponadgimnazjalne\/v-publiczne-liceum-opole-675\" target=\"_blank\" rel=\"noopener\">V Liceum Opole<\/a>,<\/li>\n<li><a href=\"https:\/\/waszaedukacja.pl\/ponadgimnazjalne\/vi-publiczne-liceum-im-gen-leopolda-okulickiego-niedzwiadka-opole-679\" target=\"_blank\" rel=\"noopener\">VI Liceum im. Gen. Leopolda Okulickiego Nied\u017awiadka Opole<\/a>,<\/li>\n<li><a href=\"https:\/\/waszaedukacja.pl\/ponadgimnazjalne\/publiczne-liceum-ogolnoksztalcace-nr-viii-im-a-kaminskiego-opole-18820\" target=\"_blank\" rel=\"noopener\">VIII Liceum im. A. Kami\u0144skiego Opole<\/a>,<\/li>\n<li><a href=\"https:\/\/waszaedukacja.pl\/ponadgimnazjalne\/publiczne-liceum-ogolnoksztalcace-nr-ix-im-gen-wl-andersa-opole-18819\" target=\"_blank\" rel=\"noopener\">IX Liceum im. gen. W\u0142. Andersa Opole<\/a>,<\/li>\n<li><a href=\"http:\/\/lo1.szkola.pl\/\" target=\"_blank\" rel=\"noopener\">I Liceum Og\u00f3lnokszta\u0142c\u0105ce im. Henryka Sienkiewicza w Ko\u017alu<\/a>,<\/li>\n<li><a href=\"http:\/\/lo1.szkola.pl\/\" target=\"_blank\" rel=\"noopener\">Liceum Og\u00f3lnokszta\u0142c\u0105ce im. Jana Kili\u0144skiego w Krapkowicach<\/a><\/li>\n<\/ul>\n\t\t\t\t\t\t\t\t<\/div>\n\t\t\t\t<\/div>\n\t\t\t\t\t<\/div>\n\t\t\t\t<\/div>\n\t\t\t\t\t<\/div>\n\t\t\t\t<\/div>\n\t\t<div class=\"elementor-element elementor-element-87bb1e8 e-flex e-con-boxed e-con e-parent\" data-id=\"87bb1e8\" data-element_type=\"container\" data-e-type=\"container\" data-settings=\"{&quot;jet_parallax_layout_list&quot;:[]}\">\n\t\t\t\t\t<div class=\"e-con-inner\">\n\t\t\t\t\t<\/div>\n\t\t\t\t<\/div>\n\t\t<div class=\"elementor-element elementor-element-445195b e-flex e-con-boxed e-con e-parent\" data-id=\"445195b\" data-element_type=\"container\" data-e-type=\"container\" data-settings=\"{&quot;jet_parallax_layout_list&quot;:[]}\">\n\t\t\t\t\t<div class=\"e-con-inner\">\n\t\t\t\t<div class=\"elementor-element elementor-element-54465d2 elementor-widget elementor-widget-heading\" data-id=\"54465d2\" data-element_type=\"widget\" data-e-type=\"widget\" data-widget_type=\"heading.default\">\n\t\t\t\t<div class=\"elementor-widget-container\">\n\t\t\t\t\t<p class=\"elementor-heading-title elementor-size-default\">Der Sprachhub Opole<\/p>\t\t\t\t<\/div>\n\t\t\t\t<\/div>\n\t\t\t\t\t<\/div>\n\t\t\t\t<\/div>\n\t\t<div class=\"elementor-element elementor-element-9d31622 e-flex e-con-boxed e-con e-parent\" data-id=\"9d31622\" data-element_type=\"container\" data-e-type=\"container\" data-settings=\"{&quot;jet_parallax_layout_list&quot;:[]}\">\n\t\t\t\t\t<div class=\"e-con-inner\">\n\t\t<div class=\"elementor-element elementor-element-34a4df1 e-flex e-con-boxed e-con e-child\" data-id=\"34a4df1\" data-element_type=\"container\" data-e-type=\"container\" data-settings=\"{&quot;jet_parallax_layout_list&quot;:[]}\">\n\t\t\t\t\t<div class=\"e-con-inner\">\n\t\t\t\t<div class=\"elementor-element elementor-element-89d2fba elementor-widget elementor-widget-text-editor\" data-id=\"89d2fba\" data-element_type=\"widget\" data-e-type=\"widget\" data-widget_type=\"text-editor.default\">\n\t\t\t\t<div class=\"elementor-widget-container\">\n\t\t\t\t\t\t\t\t\t<p><strong><img fetchpriority=\"high\" decoding=\"async\" class=\"alignright wp-image-9436\" src=\"https:\/\/ij.uni.opole.pl\/wp-content\/uploads\/sites\/34\/53655521174_35fb31e3f4_c.jpg\" alt=\"\" width=\"600\" height=\"400\" srcset=\"https:\/\/ij.uni.opole.pl\/wp-content\/uploads\/sites\/34\/53655521174_35fb31e3f4_c.jpg 799w, https:\/\/ij.uni.opole.pl\/wp-content\/uploads\/sites\/34\/53655521174_35fb31e3f4_c-768x512.jpg 768w\" sizes=\"(max-width: 600px) 100vw, 600px\" \/><\/strong><\/p>\n<p><strong>Der Sprachhub Opole <\/strong>ist eine Initiative von Germanisten der Universit\u00e4t Opole, die es sich zum Ziel gesetzt haben, einen Raum zu schaffen, der die Wirtschaft der Woiwodschaften Opole und Schlesien durch Sprachkompetenzen unterst\u00fctzt \u2013 vor allem im Bereich der deutschen Sprache. Die wichtige Rolle dieser Sprache f\u00fcr die Wirtschaft der Region wird von Vertretern der Wirtschaft immer wieder betont, und die gro\u00dfe Zahl von Menschen, die diese Sprache sehr gut beherrschen \u2013 darunter auch Personen deutscher Herkunft, die oft zweisprachig sind \u2013, ist einer der wesentlichen Faktoren, die f\u00fcr die Ansiedlung von Unternehmen in dieser Region ausschlaggebend sind. Diese Besonderheit der Woiwodschaft Opole ist jedoch kein f\u00fcr alle Zeiten gegebenes Gut. Verschiedene Faktoren k\u00f6nnen einen negativen Einfluss auf das Interesse am Erlernen dieser Sprache haben \u2013 sowohl im Bildungssystem als auch in Familien mit deutschen Wurzeln. Deshalb ist es so wichtig, einerseits Eltern und ihren Kindern bewusst zu machen, dass Deutschkenntnisse ein wesentlicher Wettbewerbsvorteil auf dem Arbeitsmarkt sind. Andererseits st\u00e4rkt die Pr\u00e4senz dieser Sprache in der Region deren Wirtschaft im Dienstleistungs- und Produktionsbereich, f\u00f6rdert die Schaffung neuer Arbeitspl\u00e4tze und bremst den Bev\u00f6lkerungsr\u00fcckgang.<\/p>\n<p>Im Rahmen des Sprachhubs Opole werden \u2013 auch in Zusammenarbeit mit <strong>dem Bildungswesen<\/strong>, <strong>den Kommunalverwaltungen<\/strong>, <strong>Wirtschaftspartnern <\/strong>und <strong>der deutschen Minderheit <\/strong>\u2013 Ma\u00dfnahmen ergriffen, die die F\u00f6rderung der deutschen Sprache und ihren Unterricht unterst\u00fctzen. Die Universit\u00e4t Opole f\u00fchrt solche Ma\u00dfnahmen seit vielen Jahren durch, und eine der j\u00fcngsten Errungenschaften im Rahmen des Sprachhubs Opole ist die Einf\u00fchrung des neuen praxisorientierten Studiengangs \u201eDeutsch im Gesch\u00e4ftsleben und in \u00f6ffentlicher Kommunikation\u201c. Zu den Ma\u00dfnahmen zur F\u00f6rderung der Sprache z\u00e4hlen die Durchf\u00fchrung von Projekten durch die Oppelner Germanistik gemeinsam <strong>mit Sch\u00fclern der Sekundarstufe <\/strong>der Region, die Organisation <strong>der \u201eWoche der Oppelner Germanistik\u201c<\/strong>, die Schaffung <strong>eines virtuellen Raums f\u00fcr den Austausch von Informationen \u00fcber Arbeitspl\u00e4tze <\/strong>mit Deutschkenntnissen in den sozialen Medien, <strong>Studienbesuche bei <\/strong>Partnerunternehmen, die diese Sprache in ihrer t\u00e4glichen Arbeit nutzen, sowie die Durchf\u00fchrung von <strong>Workshops und Schulungen <\/strong>durch Fachleute aus der Wirtschaft.<\/p>\n\t\t\t\t\t\t\t\t<\/div>\n\t\t\t\t<\/div>\n\t\t\t\t\t<\/div>\n\t\t\t\t<\/div>\n\t\t\t\t\t<\/div>\n\t\t\t\t<\/div>\n\t\t<div class=\"elementor-element elementor-element-c46e8f6 e-flex e-con-boxed e-con e-parent\" data-id=\"c46e8f6\" data-element_type=\"container\" data-e-type=\"container\" data-settings=\"{&quot;jet_parallax_layout_list&quot;:[]}\">\n\t\t\t\t\t<div class=\"e-con-inner\">\n\t\t\t\t\t<\/div>\n\t\t\t\t<\/div>\n\t\t<div class=\"elementor-element elementor-element-305cafd e-flex e-con-boxed e-con e-parent\" data-id=\"305cafd\" data-element_type=\"container\" data-e-type=\"container\" data-settings=\"{&quot;jet_parallax_layout_list&quot;:[]}\">\n\t\t\t\t\t<div class=\"e-con-inner\">\n\t\t\t\t<div class=\"elementor-element elementor-element-68246ee elementor-widget elementor-widget-heading\" data-id=\"68246ee\" data-element_type=\"widget\" data-e-type=\"widget\" data-widget_type=\"heading.default\">\n\t\t\t\t<div class=\"elementor-widget-container\">\n\t\t\t\t\t<p class=\"elementor-heading-title elementor-size-default\">Museum des Oppelner Schlesiens und \u00d6sterreich-Bibliothek<\/p>\t\t\t\t<\/div>\n\t\t\t\t<\/div>\n\t\t\t\t\t<\/div>\n\t\t\t\t<\/div>\n\t\t<div class=\"elementor-element elementor-element-06308d7 e-flex e-con-boxed e-con e-parent\" data-id=\"06308d7\" data-element_type=\"container\" data-e-type=\"container\" data-settings=\"{&quot;jet_parallax_layout_list&quot;:[]}\">\n\t\t\t\t\t<div class=\"e-con-inner\">\n\t\t<div class=\"elementor-element elementor-element-d3db0a3 e-flex e-con-boxed e-con e-child\" data-id=\"d3db0a3\" data-element_type=\"container\" data-e-type=\"container\" data-settings=\"{&quot;jet_parallax_layout_list&quot;:[]}\">\n\t\t\t\t\t<div class=\"e-con-inner\">\n\t\t\t\t<div class=\"elementor-element elementor-element-356f95c elementor-widget elementor-widget-text-editor\" data-id=\"356f95c\" data-element_type=\"widget\" data-e-type=\"widget\" data-widget_type=\"text-editor.default\">\n\t\t\t\t<div class=\"elementor-widget-container\">\n\t\t\t\t\t\t\t\t\t<p><img decoding=\"async\" class=\"wp-image-9425 alignright\" src=\"https:\/\/ij.uni.opole.pl\/wp-content\/uploads\/sites\/34\/MSO-PODPISANIE-POROZUM.jpeg\" alt=\"\" width=\"600\" height=\"397\" srcset=\"https:\/\/ij.uni.opole.pl\/wp-content\/uploads\/sites\/34\/MSO-PODPISANIE-POROZUM.jpeg 1600w, https:\/\/ij.uni.opole.pl\/wp-content\/uploads\/sites\/34\/MSO-PODPISANIE-POROZUM-768x508.jpeg 768w, https:\/\/ij.uni.opole.pl\/wp-content\/uploads\/sites\/34\/MSO-PODPISANIE-POROZUM-1536x1017.jpeg 1536w\" sizes=\"(max-width: 600px) 100vw, 600px\" \/><\/p>\n<p>Die Kooperationsvereinbarung zwischen dem Institut f\u00fcr Sprachwissenschaft und <strong>dem Museum des Oppelner Schlesiens <\/strong>wurde am 7. Dezember 2022 unterzeichnet. Das Hauptziel der Zusammenarbeit war:<\/p>\n<ol>\n<li>Erweiterung der Kenntnisse und F\u00e4higkeiten der Studierenden der Hochschule im Bereich der Arbeit von Kulturinstitutionen (Museen) sowie der Beherrschung des fremdsprachigen Fachvokabulars, das f\u00fcr den Betrieb von Kulturinstitutionen relevant ist, einschlie\u00dflich der durchgef\u00fchrten wissenschaftlichen Forschungen, popul\u00e4rwissenschaftlichen Abhandlungen sowie Informations- und Marketingma\u00dfnahmen.<\/li>\n<li>Erweiterung des Angebots des Museums, indem Personen, die der polnischen Sprache nicht m\u00e4chtig sind, die M\u00f6glichkeit erhalten, die Sammlungen und Materialien des Museums kennenzulernen, sowie die Erweiterung des Publikums f\u00fcr die vom Museum pr\u00e4sentierten Inhalte.<\/li>\n<li>Den Studierenden der Universit\u00e4t Opole die M\u00f6glichkeit zu geben, sich mit der Spezifik der T\u00e4tigkeit von Mitarbeitern der Kulturinstitutionen und mit der Funktionsweise des Museums vertraut zu machen sowie m\u00f6gliche berufliche Laufbahnen im Bereich Kultur, historischer und kultureller Tourismus aufzuzeigen.<\/li>\n<\/ol>\n<p>Im Rahmen der Zusammenarbeit mit dem Museum des Oppelner Schlesiens haben Studierende der Germanistik in Opole im Rahmen des Translatorik-Moduls \u00dcbersetzungsprojekte im Zusammenhang mit der Sonderausstellung \u201eDie Zementwerke Oppelns. Die Industrie im Gef\u00fcge der Stadt\u201c sowie mit einem Teil der Dauerausstellungen (Geschichte des Museums, Arch\u00e4ologische Abteilung, Historische Abteilung, Mietshaus) durchgef\u00fchrt. Im Rahmen dieser Projekte entstanden f\u00fcr ausl\u00e4ndische Touristen zug\u00e4ngliche Beschreibungen der genannten Ausstellungen in deutscher Sprache. Studierende und Mitarbeiter des Fachbereichs Germanistik haben die M\u00f6glichkeit, das Museum des Oppelner Schlesiens in Opole kostenlos zu besuchen.<\/p>\n<p><img decoding=\"async\" class=\"wp-image-9424 alignright\" src=\"https:\/\/ij.uni.opole.pl\/wp-content\/uploads\/sites\/34\/BA-1.jpeg\" alt=\"\" width=\"600\" height=\"398\" srcset=\"https:\/\/ij.uni.opole.pl\/wp-content\/uploads\/sites\/34\/BA-1.jpeg 960w, https:\/\/ij.uni.opole.pl\/wp-content\/uploads\/sites\/34\/BA-1-768x509.jpeg 768w\" sizes=\"(max-width: 600px) 100vw, 600px\" \/><\/p>\n<p>Die Zusammenarbeit zwischen der Oppelner Germanistik und <strong>der Woiwodschaftsbibliothek <\/strong>in Opole, zu der auch <strong>die \u00f6rtliche \u00d6sterreich-Bibliothek<\/strong> geh\u00f6rt, hat eine langj\u00e4hrige Tradition. Die Zusammenarbeit beider Institutionen begann offiziell im Jahr 2012 mit der Unterzeichnung einer Kooperationsvereinbarung zwischen der Woiwodschaftsbibliothek in Opole und dem damaligen Institut f\u00fcr Germanistik der Universit\u00e4t Opole, die nach der Umstrukturierung der Universit\u00e4t Opole im Jahr 2019 verl\u00e4ngert wurde. Seit nunmehr 10 Jahren f\u00fchrt diese Vereinbarung zu wissenschaftlichen Aktivit\u00e4ten in Form von Konferenzen und Publikationen sowie zu popul\u00e4rwissenschaftlichen Aktivit\u00e4ten in Form von Vortr\u00e4gen, Autorenlesungen, thematischen Ausstellungen, Projekten und anderen Veranstaltungen. Seitens der Germanistik in Opole koordinieren insbesondere Prof. Dr. habil. Andrea Rudolph, Dr. habil. Gabriela Jelitto-Piechulik und Dr. Ma\u0142gorzata Jokiel die Zusammenarbeit mit der Bibliothek.<\/p>\n<p>Im Rahmen dieser Zusammenarbeit wurden drei Konferenzen organisiert, mehrere Vortr\u00e4ge gehalten und drei Publikationen herausgegeben. Die genannten Aktivit\u00e4ten zur F\u00f6rderung der deutschen Sprache und Kultur in Opole und in der gesamten Region, an denen sich sowohl Mitarbeiter der Universit\u00e4t Opole und der Woiwodschaftsbibliothek\/\u00d6sterreich-Bibliothek als auch Germanistikstudierende beteiligen, sind international ausgerichtet und finden h\u00e4ufig mit Unterst\u00fctzung des \u00d6sterreichischen Kulturforums sowie von Dr. Edward W\u0105siewicz, dem Honorarkonsul der Republik \u00d6sterreich in Wroc\u0142aw, statt. Das derzeit laufende Projekt tr\u00e4gt den Titel \u201eFenster in die junge deutschsprachige Literatur. \u00d6sterreich. Liechtenstein. Schweiz und Deutschland. Junge Autoren literarisieren ihr Jetzt und Heute: politisch, sozial, \u00f6kologisch\u201c und hat zum Ziel, gesellschaftlich relevante Themen der neuesten deutschsprachigen Literatur n\u00e4herzubringen.<\/p>\n\t\t\t\t\t\t\t\t<\/div>\n\t\t\t\t<\/div>\n\t\t\t\t\t<\/div>\n\t\t\t\t<\/div>\n\t\t\t\t\t<\/div>\n\t\t\t\t<\/div>\n\t\t<div class=\"elementor-element elementor-element-3494591e e-flex e-con-boxed e-con e-parent\" data-id=\"3494591e\" data-element_type=\"container\" data-e-type=\"container\" data-settings=\"{&quot;jet_parallax_layout_list&quot;:[]}\">\n\t\t\t\t\t<div class=\"e-con-inner\">\n\t\t\t\t\t<\/div>\n\t\t\t\t<\/div>\n\t\t\t\t<\/div>\n\t\t","protected":false},"excerpt":{"rendered":"<p>Kooperierende Institutionen \u201eCitizen Science f\u00fcr die Schulen der Stadt Opole\u201c und \u201eDisInfoResist\u201c Im Rahmen der Projekte \u201eCitizen Science f\u00fcr die Schulen der Stadt Opole\u201c und \u201eDisInfoResist\u201c arbeitet das Institut f\u00fcr Sprachwissenschaft mit dem Bildungsamt der Stadt Opole zusammen, das bei der Aufnahme der Zusammenarbeit mit den einzelnen Einrichtungen vermittelt. Bislang wurden die Projekte an folgenden [&hellip;]<\/p>\n","protected":false},"author":5,"featured_media":0,"parent":0,"menu_order":0,"comment_status":"closed","ping_status":"closed","template":"","meta":{"footnotes":""},"class_list":["post-11398","page","type-page","status-publish","hentry"],"_links":{"self":[{"href":"https:\/\/ij.uni.opole.pl\/de\/wp-json\/wp\/v2\/pages\/11398","targetHints":{"allow":["GET"]}}],"collection":[{"href":"https:\/\/ij.uni.opole.pl\/de\/wp-json\/wp\/v2\/pages"}],"about":[{"href":"https:\/\/ij.uni.opole.pl\/de\/wp-json\/wp\/v2\/types\/page"}],"author":[{"embeddable":true,"href":"https:\/\/ij.uni.opole.pl\/de\/wp-json\/wp\/v2\/users\/5"}],"replies":[{"embeddable":true,"href":"https:\/\/ij.uni.opole.pl\/de\/wp-json\/wp\/v2\/comments?post=11398"}],"version-history":[{"count":1,"href":"https:\/\/ij.uni.opole.pl\/de\/wp-json\/wp\/v2\/pages\/11398\/revisions"}],"predecessor-version":[{"id":11399,"href":"https:\/\/ij.uni.opole.pl\/de\/wp-json\/wp\/v2\/pages\/11398\/revisions\/11399"}],"wp:attachment":[{"href":"https:\/\/ij.uni.opole.pl\/de\/wp-json\/wp\/v2\/media?parent=11398"}],"curies":[{"name":"wp","href":"https:\/\/api.w.org\/{rel}","templated":true}]}}