  {"id":11384,"date":"2024-05-10T13:23:49","date_gmt":"2024-05-10T11:23:49","guid":{"rendered":"https:\/\/ij.uni.opole.pl\/ausstattung\/"},"modified":"2026-05-12T10:40:09","modified_gmt":"2026-05-12T08:40:09","slug":"ausstattung","status":"publish","type":"page","link":"https:\/\/ij.uni.opole.pl\/de\/ausstattung\/","title":{"rendered":"Ausstattung"},"content":{"rendered":"\t\t<div data-elementor-type=\"wp-page\" data-elementor-id=\"11384\" class=\"elementor elementor-11384 elementor-8415\" data-elementor-post-type=\"page\">\n\t\t\t\t<div class=\"elementor-element elementor-element-7eaffaa9 e-flex e-con-boxed e-con e-parent\" data-id=\"7eaffaa9\" data-element_type=\"container\" data-e-type=\"container\" data-settings=\"{&quot;jet_parallax_layout_list&quot;:[]}\">\n\t\t\t\t\t<div class=\"e-con-inner\">\n\t\t\t\t<div class=\"elementor-element elementor-element-1a4dd073 elementor-widget elementor-widget-heading\" data-id=\"1a4dd073\" data-element_type=\"widget\" data-e-type=\"widget\" data-widget_type=\"heading.default\">\n\t\t\t\t<div class=\"elementor-widget-container\">\n\t\t\t\t\t<h1 class=\"elementor-heading-title elementor-size-default\">Ausstattung<\/h1>\t\t\t\t<\/div>\n\t\t\t\t<\/div>\n\t\t\t\t\t<\/div>\n\t\t\t\t<\/div>\n\t\t<div class=\"elementor-element elementor-element-f9d05f3 e-flex e-con-boxed e-con e-parent\" data-id=\"f9d05f3\" data-element_type=\"container\" data-e-type=\"container\" data-settings=\"{&quot;jet_parallax_layout_list&quot;:[]}\">\n\t\t\t\t\t<div class=\"e-con-inner\">\n\t\t\t\t<div class=\"elementor-element elementor-element-c6ec421 elementor-widget elementor-widget-heading\" data-id=\"c6ec421\" data-element_type=\"widget\" data-e-type=\"widget\" data-widget_type=\"heading.default\">\n\t\t\t\t<div class=\"elementor-widget-container\">\n\t\t\t\t\t<p class=\"elementor-heading-title elementor-size-default\">Akademische Logop\u00e4dische Beratungsstelle \u201eNa ko\u0144cu j\u0119zyka\u201c<\/p>\t\t\t\t<\/div>\n\t\t\t\t<\/div>\n\t\t\t\t\t<\/div>\n\t\t\t\t<\/div>\n\t\t<div class=\"elementor-element elementor-element-089db8e e-flex e-con-boxed e-con e-parent\" data-id=\"089db8e\" data-element_type=\"container\" data-e-type=\"container\" data-settings=\"{&quot;jet_parallax_layout_list&quot;:[]}\">\n\t\t\t\t\t<div class=\"e-con-inner\">\n\t\t<div class=\"elementor-element elementor-element-f72384c e-flex e-con-boxed e-con e-child\" data-id=\"f72384c\" data-element_type=\"container\" data-e-type=\"container\" data-settings=\"{&quot;jet_parallax_layout_list&quot;:[]}\">\n\t\t\t\t\t<div class=\"e-con-inner\">\n\t\t\t\t<div class=\"elementor-element elementor-element-9e5f9f8 elementor-widget elementor-widget-text-editor\" data-id=\"9e5f9f8\" data-element_type=\"widget\" data-e-type=\"widget\" data-widget_type=\"text-editor.default\">\n\t\t\t\t<div class=\"elementor-widget-container\">\n\t\t\t\t\t\t\t\t\t<p>An der Abteilung f\u00fcr Logop\u00e4die entsteht die Akademische Logop\u00e4dische Beratungsstelle \u201eNa ko\u0144cu j\u0119zyka\u201c, deren Ziel es ist, einen kostenlosen therapeutischen Raum f\u00fcr die Einwohner von Opole und Umgebung zu schaffen. Die Patienten k\u00f6nnen dort umfassende Hilfe bei Sprach- und Stimmst\u00f6rungen erhalten, wie z. B. bei Artikulationsproblemen, Sprachentwicklungsst\u00f6rungen sowie Sprachst\u00f6rungen im Erwachsenen- und Seniorenalter. Die T\u00e4tigkeit der Beratungsstelle umfasst logop\u00e4dische Konsultationen, langfristige logop\u00e4dische Therapien, logop\u00e4dische Vorsorgeuntersuchungen sowie pr\u00e4ventive und aufkl\u00e4rende Ma\u00dfnahmen.<\/p>\n<p>Fachliche Betreuung: Mag. Natalia Og\u00f3rek.<br \/>Leiterin: Agata Goliszewska, Studentin der Logop\u00e4die im Masterstudiengang mit praktischer Ausrichtung.<\/p>\n<p>Das Labor ist mit einem System zur \u00dcberwachung des Therapieprozesses ausgestattet, das f\u00fcr die praktische Ausbildung der Studierenden genutzt wird.<\/p>\n\t\t\t\t\t\t\t\t<\/div>\n\t\t\t\t<\/div>\n\t\t\t\t\t<\/div>\n\t\t\t\t<\/div>\n\t\t\t\t\t<\/div>\n\t\t\t\t<\/div>\n\t\t<div class=\"elementor-element elementor-element-19fcf215 e-flex e-con-boxed e-con e-parent\" data-id=\"19fcf215\" data-element_type=\"container\" data-e-type=\"container\" data-settings=\"{&quot;jet_parallax_layout_list&quot;:[]}\">\n\t\t\t\t\t<div class=\"e-con-inner\">\n\t\t\t\t\t<\/div>\n\t\t\t\t<\/div>\n\t\t\t\t<\/div>\n\t\t","protected":false},"excerpt":{"rendered":"<p>Ausstattung Akademische Logop\u00e4dische Beratungsstelle \u201eNa ko\u0144cu j\u0119zyka\u201c An der Abteilung f\u00fcr Logop\u00e4die entsteht die Akademische Logop\u00e4dische Beratungsstelle \u201eNa ko\u0144cu j\u0119zyka\u201c, deren Ziel es ist, einen kostenlosen therapeutischen Raum f\u00fcr die Einwohner von Opole und Umgebung zu schaffen. Die Patienten k\u00f6nnen dort umfassende Hilfe bei Sprach- und Stimmst\u00f6rungen erhalten, wie z. B. bei Artikulationsproblemen, Sprachentwicklungsst\u00f6rungen sowie [&hellip;]<\/p>\n","protected":false},"author":5,"featured_media":0,"parent":0,"menu_order":0,"comment_status":"closed","ping_status":"closed","template":"","meta":{"footnotes":""},"class_list":["post-11384","page","type-page","status-publish","hentry"],"_links":{"self":[{"href":"https:\/\/ij.uni.opole.pl\/de\/wp-json\/wp\/v2\/pages\/11384","targetHints":{"allow":["GET"]}}],"collection":[{"href":"https:\/\/ij.uni.opole.pl\/de\/wp-json\/wp\/v2\/pages"}],"about":[{"href":"https:\/\/ij.uni.opole.pl\/de\/wp-json\/wp\/v2\/types\/page"}],"author":[{"embeddable":true,"href":"https:\/\/ij.uni.opole.pl\/de\/wp-json\/wp\/v2\/users\/5"}],"replies":[{"embeddable":true,"href":"https:\/\/ij.uni.opole.pl\/de\/wp-json\/wp\/v2\/comments?post=11384"}],"version-history":[{"count":1,"href":"https:\/\/ij.uni.opole.pl\/de\/wp-json\/wp\/v2\/pages\/11384\/revisions"}],"predecessor-version":[{"id":11385,"href":"https:\/\/ij.uni.opole.pl\/de\/wp-json\/wp\/v2\/pages\/11384\/revisions\/11385"}],"wp:attachment":[{"href":"https:\/\/ij.uni.opole.pl\/de\/wp-json\/wp\/v2\/media?parent=11384"}],"curies":[{"name":"wp","href":"https:\/\/api.w.org\/{rel}","templated":true}]}}