  {"id":11373,"date":"2024-05-10T13:23:01","date_gmt":"2024-05-10T11:23:01","guid":{"rendered":"https:\/\/ij.uni.opole.pl\/zeitschriften\/"},"modified":"2026-05-12T10:28:59","modified_gmt":"2026-05-12T08:28:59","slug":"zeitschriften","status":"publish","type":"page","link":"https:\/\/ij.uni.opole.pl\/de\/zeitschriften\/","title":{"rendered":"Zeitschriften"},"content":{"rendered":"\t\t<div data-elementor-type=\"wp-page\" data-elementor-id=\"11373\" class=\"elementor elementor-11373 elementor-8407\" data-elementor-post-type=\"page\">\n\t\t\t\t<div class=\"elementor-element elementor-element-7ff7f460 e-flex e-con-boxed e-con e-parent\" data-id=\"7ff7f460\" data-element_type=\"container\" data-e-type=\"container\" data-settings=\"{&quot;jet_parallax_layout_list&quot;:[]}\">\n\t\t\t\t\t<div class=\"e-con-inner\">\n\t\t\t\t<div class=\"elementor-element elementor-element-1b423f71 elementor-widget elementor-widget-heading\" data-id=\"1b423f71\" data-element_type=\"widget\" data-e-type=\"widget\" data-widget_type=\"heading.default\">\n\t\t\t\t<div class=\"elementor-widget-container\">\n\t\t\t\t\t<h1 class=\"elementor-heading-title elementor-size-default\">Zeitschriften<\/h1>\t\t\t\t<\/div>\n\t\t\t\t<\/div>\n\t\t\t\t\t<\/div>\n\t\t\t\t<\/div>\n\t\t<div class=\"elementor-element elementor-element-7b683dd1 e-flex e-con-boxed e-con e-parent\" data-id=\"7b683dd1\" data-element_type=\"container\" data-e-type=\"container\" data-settings=\"{&quot;jet_parallax_layout_list&quot;:[]}\">\n\t\t\t\t\t<div class=\"e-con-inner\">\n\t\t<div class=\"elementor-element elementor-element-5c2336db e-con-full e-flex e-con e-child\" data-id=\"5c2336db\" data-element_type=\"container\" data-e-type=\"container\" data-settings=\"{&quot;jet_parallax_layout_list&quot;:[]}\">\n\t\t\t\t<div class=\"elementor-element elementor-element-25ab3530 elementor-widget elementor-widget-image\" data-id=\"25ab3530\" data-element_type=\"widget\" data-e-type=\"widget\" data-widget_type=\"image.default\">\n\t\t\t\t<div class=\"elementor-widget-container\">\n\t\t\t\t\t\t\t\t\t\t\t\t\t\t\t<img fetchpriority=\"high\" decoding=\"async\" src=\"https:\/\/ij.uni.opole.pl\/wp-content\/uploads\/sites\/34\/elementor\/thumbs\/stylistyka-quo8yza5e3lvvvgwkmokm1ankmkoowzq3ocgqj8ka6.jpg\" alt=\"stylistyka\" title=\"stylistyka\" width=\"300\" height=\"427\" \/>\t\t\t\t\t\t\t\t\t\t\t\t\t\t\t<\/div>\n\t\t\t\t<\/div>\n\t\t\t\t<\/div>\n\t\t<div class=\"elementor-element elementor-element-2bebc09c e-con-full e-flex e-con e-child\" data-id=\"2bebc09c\" data-element_type=\"container\" data-e-type=\"container\" data-settings=\"{&quot;jet_parallax_layout_list&quot;:[]}\">\n\t\t\t\t<div class=\"elementor-element elementor-element-473215b4 elementor-widget elementor-widget-text-editor\" data-id=\"473215b4\" data-element_type=\"widget\" data-e-type=\"widget\" data-widget_type=\"text-editor.default\">\n\t\t\t\t<div class=\"elementor-widget-container\">\n\t\t\t\t\t\t\t\t\t<p>Stylistyka<\/p>\n\t\t\t\t\t\t\t\t<\/div>\n\t\t\t\t<\/div>\n\t\t\t\t<div class=\"elementor-element elementor-element-d624257 elementor-widget elementor-widget-text-editor\" data-id=\"d624257\" data-element_type=\"widget\" data-e-type=\"widget\" data-widget_type=\"text-editor.default\">\n\t\t\t\t<div class=\"elementor-widget-container\">\n\t\t\t\t\t\t\t\t\t<p>ISSN: 1230-2287<br \/>e-ISSN: 2545-1669<\/p>\n\t\t\t\t\t\t\t\t<\/div>\n\t\t\t\t<\/div>\n\t\t\t\t<div class=\"elementor-element elementor-element-4390b26d elementor-widget elementor-widget-text-editor\" data-id=\"4390b26d\" data-element_type=\"widget\" data-e-type=\"widget\" data-widget_type=\"text-editor.default\">\n\t\t\t\t<div class=\"elementor-widget-container\">\n\t\t\t\t\t\t\t\t\t<p>\u201eStylistyka\u201c ist eine internationale wissenschaftliche Jahreszeitschrift, die 1992 von Prof. Dr. habil. Stanis\u0142aw Gajda gegr\u00fcndet wurde. Seit 2018 ist Dr. habil. Marzena Makuchowska, Professorin an der Universit\u00e4t Opole, Chefredakteurin. \u201eStylistyka\u201c ver\u00f6ffentlicht Beitr\u00e4ge zur Erforschung funktionaler Stile ethnischer Sprachen. Die Zeitschrift ist auf der Liste des Ministeriums f\u00fcr Wissenschaft und Hochschulwesen (pl. MNiSW) aus dem Jahr 2021 aufgef\u00fchrt (100 Punkte).<\/p>\n<p>Die Zeitschrift erscheint in gedruckter Form und online \u2013 auf der Plattform Open Journal Systems (OJS) nach den Grunds\u00e4tzen des Open Access. \u201eStylistyka\u201c ist in folgenden Datenbanken indexiert: DOAJ, CEJSH, CEEOL, Index Copernicus, ERIH PLUS. Die ver\u00f6ffentlichten Beitr\u00e4ge werden gem\u00e4\u00df ethischen Standards und bew\u00e4hrten Publikationspraktiken erstellt und einem doppelblinden Peer-Review-Verfahren unterzogen.<\/p>\n<p>[<a href=\"https:\/\/czasopisma.uni.opole.pl\/index.php\/s\" target=\"_blank\" rel=\"noopener\">Zur Website der Zeitschrift<\/a>]<\/p>\n\t\t\t\t\t\t\t\t<\/div>\n\t\t\t\t<\/div>\n\t\t\t\t<\/div>\n\t\t\t\t\t<\/div>\n\t\t\t\t<\/div>\n\t\t<div class=\"elementor-element elementor-element-5039e990 e-flex e-con-boxed e-con e-parent\" data-id=\"5039e990\" data-element_type=\"container\" data-e-type=\"container\" data-settings=\"{&quot;jet_parallax_layout_list&quot;:[]}\">\n\t\t\t\t\t<div class=\"e-con-inner\">\n\t\t\t\t\t<\/div>\n\t\t\t\t<\/div>\n\t\t<div class=\"elementor-element elementor-element-357a064d e-flex e-con-boxed e-con e-parent\" data-id=\"357a064d\" data-element_type=\"container\" data-e-type=\"container\" data-settings=\"{&quot;jet_parallax_layout_list&quot;:[]}\">\n\t\t\t\t\t<div class=\"e-con-inner\">\n\t\t<div class=\"elementor-element elementor-element-6ccb54ba e-con-full e-flex e-con e-child\" data-id=\"6ccb54ba\" data-element_type=\"container\" data-e-type=\"container\" data-settings=\"{&quot;jet_parallax_layout_list&quot;:[]}\">\n\t\t\t\t<div class=\"elementor-element elementor-element-553f0b2c elementor-widget elementor-widget-image\" data-id=\"553f0b2c\" data-element_type=\"widget\" data-e-type=\"widget\" data-widget_type=\"image.default\">\n\t\t\t\t<div class=\"elementor-widget-container\">\n\t\t\t\t\t\t\t\t\t\t\t\t\t\t\t<img decoding=\"async\" src=\"https:\/\/ij.uni.opole.pl\/wp-content\/uploads\/sites\/34\/elementor\/thumbs\/prace_germanistyczne-scaled-quo8zcfw1s3weexsfsdckxz3w0rtoofythh9gep1ui.jpg\" alt=\"prace_germanistyczne\" title=\"prace_germanistyczne\" width=\"300\" height=\"425\" \/>\t\t\t\t\t\t\t\t\t\t\t\t\t\t\t<\/div>\n\t\t\t\t<\/div>\n\t\t\t\t<\/div>\n\t\t<div class=\"elementor-element elementor-element-27fa3376 e-con-full e-flex e-con e-child\" data-id=\"27fa3376\" data-element_type=\"container\" data-e-type=\"container\" data-settings=\"{&quot;jet_parallax_layout_list&quot;:[]}\">\n\t\t\t\t<div class=\"elementor-element elementor-element-3a12240a elementor-widget elementor-widget-text-editor\" data-id=\"3a12240a\" data-element_type=\"widget\" data-e-type=\"widget\" data-widget_type=\"text-editor.default\">\n\t\t\t\t<div class=\"elementor-widget-container\">\n\t\t\t\t\t\t\t\t\t<p>Germanistische Werkstatt<\/p>\n\t\t\t\t\t\t\t\t<\/div>\n\t\t\t\t<\/div>\n\t\t\t\t<div class=\"elementor-element elementor-element-3502f3b elementor-widget elementor-widget-text-editor\" data-id=\"3502f3b\" data-element_type=\"widget\" data-e-type=\"widget\" data-widget_type=\"text-editor.default\">\n\t\t\t\t<div class=\"elementor-widget-container\">\n\t\t\t\t\t\t\t\t\t<p>ISBN: 978-83-8332-015-1<br \/>ISSN: 1509-2178<\/p>\n\t\t\t\t\t\t\t\t<\/div>\n\t\t\t\t<\/div>\n\t\t\t\t<div class=\"elementor-element elementor-element-687220a9 elementor-widget elementor-widget-text-editor\" data-id=\"687220a9\" data-element_type=\"widget\" data-e-type=\"widget\" data-widget_type=\"text-editor.default\">\n\t\t\t\t<div class=\"elementor-widget-container\">\n\t\t\t\t\t\t\t\t\t<p>\u201ePrace Germanistyczne \/ Germanistische Werkstatt\u201c ist eine wissenschaftliche germanistische Zeitschrift, die seit 1999 vom Institut f\u00fcr Germanistik der Universit\u00e4t Opole und seit 2019 vom Lehrstuhl f\u00fcr Deutsche Sprache und vom Lehrstuhl f\u00fcr Deutschsprachige Literatur herausgegeben wird. Namhafte Germanisten aus dem In- und Ausland pr\u00e4sentieren in der Zeitschrift die Ergebnisse ihrer Forschungen. Zu den Autoren, die in der Zeitschrift ver\u00f6ffentlichen, geh\u00f6ren jedoch vor allem junge Wissenschaftler. In \u201ePrace Germanistyczne \/ Germanistische Werkstatt\u201c werden wissenschaftliche Abhandlungen, Rezensionen und Berichte ver\u00f6ffentlicht. Zur Ver\u00f6ffentlichung werden ausschlie\u00dflich Beitr\u00e4ge in deutscher Sprache angenommen. Die Zeitschrift erscheint einmal j\u00e4hrlich im Verlag der Universit\u00e4t Opole.<\/p>\n<p>[<a href=\"https:\/\/czasopisma.uni.opole.pl\/index.php\/pg\" target=\"_blank\" rel=\"noopener\">Zur Website der Zeitschrift<\/a>]<\/p>\n\t\t\t\t\t\t\t\t<\/div>\n\t\t\t\t<\/div>\n\t\t\t\t<\/div>\n\t\t\t\t\t<\/div>\n\t\t\t\t<\/div>\n\t\t<div class=\"elementor-element elementor-element-14921fc8 e-flex e-con-boxed e-con e-parent\" data-id=\"14921fc8\" data-element_type=\"container\" data-e-type=\"container\" data-settings=\"{&quot;jet_parallax_layout_list&quot;:[]}\">\n\t\t\t\t\t<div class=\"e-con-inner\">\n\t\t\t\t\t<\/div>\n\t\t\t\t<\/div>\n\t\t\t\t<\/div>\n\t\t","protected":false},"excerpt":{"rendered":"<p>Zeitschriften Stylistyka ISSN: 1230-2287e-ISSN: 2545-1669 \u201eStylistyka\u201c ist eine internationale wissenschaftliche Jahreszeitschrift, die 1992 von Prof. Dr. habil. Stanis\u0142aw Gajda gegr\u00fcndet wurde. Seit 2018 ist Dr. habil. Marzena Makuchowska, Professorin an der Universit\u00e4t Opole, Chefredakteurin. \u201eStylistyka\u201c ver\u00f6ffentlicht Beitr\u00e4ge zur Erforschung funktionaler Stile ethnischer Sprachen. Die Zeitschrift ist auf der Liste des Ministeriums f\u00fcr Wissenschaft und Hochschulwesen [&hellip;]<\/p>\n","protected":false},"author":5,"featured_media":0,"parent":0,"menu_order":0,"comment_status":"closed","ping_status":"closed","template":"","meta":{"footnotes":""},"class_list":["post-11373","page","type-page","status-publish","hentry"],"_links":{"self":[{"href":"https:\/\/ij.uni.opole.pl\/de\/wp-json\/wp\/v2\/pages\/11373","targetHints":{"allow":["GET"]}}],"collection":[{"href":"https:\/\/ij.uni.opole.pl\/de\/wp-json\/wp\/v2\/pages"}],"about":[{"href":"https:\/\/ij.uni.opole.pl\/de\/wp-json\/wp\/v2\/types\/page"}],"author":[{"embeddable":true,"href":"https:\/\/ij.uni.opole.pl\/de\/wp-json\/wp\/v2\/users\/5"}],"replies":[{"embeddable":true,"href":"https:\/\/ij.uni.opole.pl\/de\/wp-json\/wp\/v2\/comments?post=11373"}],"version-history":[{"count":1,"href":"https:\/\/ij.uni.opole.pl\/de\/wp-json\/wp\/v2\/pages\/11373\/revisions"}],"predecessor-version":[{"id":11374,"href":"https:\/\/ij.uni.opole.pl\/de\/wp-json\/wp\/v2\/pages\/11373\/revisions\/11374"}],"wp:attachment":[{"href":"https:\/\/ij.uni.opole.pl\/de\/wp-json\/wp\/v2\/media?parent=11373"}],"curies":[{"name":"wp","href":"https:\/\/api.w.org\/{rel}","templated":true}]}}