  {"id":11346,"date":"2024-05-10T13:20:10","date_gmt":"2024-05-10T11:20:10","guid":{"rendered":"https:\/\/ij.uni.opole.pl\/entwicklungsstrategie\/"},"modified":"2026-05-12T09:56:51","modified_gmt":"2026-05-12T07:56:51","slug":"entwicklungsstrategie","status":"publish","type":"page","link":"https:\/\/ij.uni.opole.pl\/de\/entwicklungsstrategie\/","title":{"rendered":"Entwicklungsstrategie"},"content":{"rendered":"\t\t<div data-elementor-type=\"wp-page\" data-elementor-id=\"11346\" class=\"elementor elementor-11346 elementor-8401\" data-elementor-post-type=\"page\">\n\t\t\t\t<div class=\"elementor-element elementor-element-6e60613a e-flex e-con-boxed e-con e-parent\" data-id=\"6e60613a\" data-element_type=\"container\" data-e-type=\"container\" data-settings=\"{&quot;jet_parallax_layout_list&quot;:[]}\">\n\t\t\t\t\t<div class=\"e-con-inner\">\n\t\t\t\t<div class=\"elementor-element elementor-element-7b6872b9 elementor-widget elementor-widget-heading\" data-id=\"7b6872b9\" data-element_type=\"widget\" data-e-type=\"widget\" data-widget_type=\"heading.default\">\n\t\t\t\t<div class=\"elementor-widget-container\">\n\t\t\t\t\t<h1 class=\"elementor-heading-title elementor-size-default\">Entwicklungsstrategie<\/h1>\t\t\t\t<\/div>\n\t\t\t\t<\/div>\n\t\t\t\t\t<\/div>\n\t\t\t\t<\/div>\n\t\t<div class=\"elementor-element elementor-element-6e526f8f e-flex e-con-boxed e-con e-parent\" data-id=\"6e526f8f\" data-element_type=\"container\" data-e-type=\"container\" data-settings=\"{&quot;jet_parallax_layout_list&quot;:[]}\">\n\t\t\t\t\t<div class=\"e-con-inner\">\n\t\t\t\t<div class=\"elementor-element elementor-element-51f45bc1 elementor-widget elementor-widget-heading\" data-id=\"51f45bc1\" data-element_type=\"widget\" data-e-type=\"widget\" data-widget_type=\"heading.default\">\n\t\t\t\t<div class=\"elementor-widget-container\">\n\t\t\t\t\t<p class=\"elementor-heading-title elementor-size-default\">Vision<\/p>\t\t\t\t<\/div>\n\t\t\t\t<\/div>\n\t\t\t\t\t<\/div>\n\t\t\t\t<\/div>\n\t\t<div class=\"elementor-element elementor-element-2bbd471d e-flex e-con-boxed e-con e-parent\" data-id=\"2bbd471d\" data-element_type=\"container\" data-e-type=\"container\" data-settings=\"{&quot;jet_parallax_layout_list&quot;:[]}\">\n\t\t\t\t\t<div class=\"e-con-inner\">\n\t\t<div class=\"elementor-element elementor-element-31736d3b e-flex e-con-boxed e-con e-child\" data-id=\"31736d3b\" data-element_type=\"container\" data-e-type=\"container\" data-settings=\"{&quot;jet_parallax_layout_list&quot;:[]}\">\n\t\t\t\t\t<div class=\"e-con-inner\">\n\t\t\t\t<div class=\"elementor-element elementor-element-c2474e7 elementor-widget elementor-widget-text-editor\" data-id=\"c2474e7\" data-element_type=\"widget\" data-e-type=\"widget\" data-widget_type=\"text-editor.default\">\n\t\t\t\t<div class=\"elementor-widget-container\">\n\t\t\t\t\t\t\t\t\t<p>Das Institut f\u00fcr Sprachwissenschaft ist als wissenschaftliches Zentrum im Inland und in Europa bekannt f\u00fcr die Oppelner Schule der Stilistik und die Oppelner Schule der Volkskunde sowie f\u00fcr die schlesische Forschung zu Sprache und Kultur. Gesch\u00e4tzt und in polnischen und ausl\u00e4ndischen Publikationen zitiert werden Arbeiten aus dem Bereich der Kulturlinguistik, darunter der Phraseologie, sowie lexikografische und onomastische Arbeiten. Eine starke Position nimmt auch die angewandte Sprachwissenschaft ein \u2013 Forschungen im Bereich des Spracherwerbs und der Sprachdidaktik.<\/p>\n<p>Das Institut ist berechtigt, den Doktorgrad und die Habilitation im Fachbereich Sprachwissenschaft sowie den Doktorgrad im Fachbereich Kultur- und Religionswissenschaften zu verleihen.<\/p>\n<p>Die Forschung im Fachbereich Sprachwissenschaft wird in den Bereichen Anglistik, Romanistik, Germanistik, Polonistik sowie Russistik und Bohemistik betrieben.<\/p>\n<p>Die Forschung im Fachbereich Kultur- und Religionswissenschaften umfasst Kulturwissenschaften, Volkskunde, Medienwissenschaften (u. a. Untersuchungen zum digitalen Raum im Bereich der sozialen Medien) sowie Spielwissenschaften (hier insbesondere die Untersuchung der Narrativit\u00e4t von Spielen).<\/p>\n<p>Das Institut bietet allgemeine und praxisorientierte Studieng\u00e4nge des ersten und zweiten Grades an, darunter auch Studieng\u00e4nge f\u00fcr ausl\u00e4ndische Studierende.<\/p>\n\t\t\t\t\t\t\t\t<\/div>\n\t\t\t\t<\/div>\n\t\t\t\t\t<\/div>\n\t\t\t\t<\/div>\n\t\t\t\t\t<\/div>\n\t\t\t\t<\/div>\n\t\t<div class=\"elementor-element elementor-element-5ba8feff e-flex e-con-boxed e-con e-parent\" data-id=\"5ba8feff\" data-element_type=\"container\" data-e-type=\"container\" data-settings=\"{&quot;jet_parallax_layout_list&quot;:[]}\">\n\t\t\t\t\t<div class=\"e-con-inner\">\n\t\t\t\t\t<\/div>\n\t\t\t\t<\/div>\n\t\t<div class=\"elementor-element elementor-element-78b76669 e-flex e-con-boxed e-con e-parent\" data-id=\"78b76669\" data-element_type=\"container\" data-e-type=\"container\" data-settings=\"{&quot;jet_parallax_layout_list&quot;:[]}\">\n\t\t\t\t\t<div class=\"e-con-inner\">\n\t\t\t\t<div class=\"elementor-element elementor-element-1dc4470f elementor-widget elementor-widget-heading\" data-id=\"1dc4470f\" data-element_type=\"widget\" data-e-type=\"widget\" data-widget_type=\"heading.default\">\n\t\t\t\t<div class=\"elementor-widget-container\">\n\t\t\t\t\t<p class=\"elementor-heading-title elementor-size-default\">Mission<\/p>\t\t\t\t<\/div>\n\t\t\t\t<\/div>\n\t\t\t\t\t<\/div>\n\t\t\t\t<\/div>\n\t\t<div class=\"elementor-element elementor-element-54e5fbc7 e-flex e-con-boxed e-con e-parent\" data-id=\"54e5fbc7\" data-element_type=\"container\" data-e-type=\"container\" data-settings=\"{&quot;jet_parallax_layout_list&quot;:[]}\">\n\t\t\t\t\t<div class=\"e-con-inner\">\n\t\t<div class=\"elementor-element elementor-element-5d9b7913 e-flex e-con-boxed e-con e-child\" data-id=\"5d9b7913\" data-element_type=\"container\" data-e-type=\"container\" data-settings=\"{&quot;jet_parallax_layout_list&quot;:[]}\">\n\t\t\t\t\t<div class=\"e-con-inner\">\n\t\t\t\t<div class=\"elementor-element elementor-element-2942ad8 elementor-widget elementor-widget-text-editor\" data-id=\"2942ad8\" data-element_type=\"widget\" data-e-type=\"widget\" data-widget_type=\"text-editor.default\">\n\t\t\t\t<div class=\"elementor-widget-container\">\n\t\t\t\t\t\t\t\t\t<ul>\n<li>Durchf\u00fchrung wissenschaftlicher Forschungen, die einen wesentlichen Beitrag zum polnischen, europ\u00e4ischen und weltweiten wissenschaftlichen Erbe der Sprachwissenschaft sowie der Kultur- und Religionswissenschaften leisten, darunter Forschungen, die sich mit der Multikulturalit\u00e4t und Mehrsprachigkeit des schlesischen lokalen Umfelds in einem interdisziplin\u00e4ren Ansatz befassen.<\/li>\n<li>Sicherung einer hohen Qualit\u00e4t der universit\u00e4ren Lehre durch die Weiterentwicklung der didaktischen Kompetenzen des wissenschaftlichen Personals.<\/li>\n<li>Ausbildung junger Forscher, die auf internationale wissenschaftliche Zusammenarbeit sowie die Durchf\u00fchrung origineller Forschungsarbeiten und die Verbreitung von Wissen \u00fcber Sprache und Kultur vorbereitet sind.<\/li>\n<\/ul>\n\t\t\t\t\t\t\t\t<\/div>\n\t\t\t\t<\/div>\n\t\t\t\t\t<\/div>\n\t\t\t\t<\/div>\n\t\t\t\t\t<\/div>\n\t\t\t\t<\/div>\n\t\t<div class=\"elementor-element elementor-element-1aad310a e-flex e-con-boxed e-con e-parent\" data-id=\"1aad310a\" data-element_type=\"container\" data-e-type=\"container\" data-settings=\"{&quot;jet_parallax_layout_list&quot;:[]}\">\n\t\t\t\t\t<div class=\"e-con-inner\">\n\t\t\t\t\t<\/div>\n\t\t\t\t<\/div>\n\t\t<div class=\"elementor-element elementor-element-8552287 e-flex e-con-boxed e-con e-parent\" data-id=\"8552287\" data-element_type=\"container\" data-e-type=\"container\" data-settings=\"{&quot;jet_parallax_layout_list&quot;:[]}\">\n\t\t\t\t\t<div class=\"e-con-inner\">\n\t\t\t\t<div class=\"elementor-element elementor-element-b0bd203 elementor-widget elementor-widget-heading\" data-id=\"b0bd203\" data-element_type=\"widget\" data-e-type=\"widget\" data-widget_type=\"heading.default\">\n\t\t\t\t<div class=\"elementor-widget-container\">\n\t\t\t\t\t<p class=\"elementor-heading-title elementor-size-default\">Strategische Ziele<\/p>\t\t\t\t<\/div>\n\t\t\t\t<\/div>\n\t\t\t\t\t<\/div>\n\t\t\t\t<\/div>\n\t\t<div class=\"elementor-element elementor-element-3f7dc7f e-flex e-con-boxed e-con e-parent\" data-id=\"3f7dc7f\" data-element_type=\"container\" data-e-type=\"container\" data-settings=\"{&quot;jet_parallax_layout_list&quot;:[]}\">\n\t\t\t\t\t<div class=\"e-con-inner\">\n\t\t<div class=\"elementor-element elementor-element-d3f196f e-flex e-con-boxed e-con e-child\" data-id=\"d3f196f\" data-element_type=\"container\" data-e-type=\"container\" data-settings=\"{&quot;jet_parallax_layout_list&quot;:[]}\">\n\t\t\t\t\t<div class=\"e-con-inner\">\n\t\t\t\t<div class=\"elementor-element elementor-element-f858a2f elementor-widget elementor-widget-text-editor\" data-id=\"f858a2f\" data-element_type=\"widget\" data-e-type=\"widget\" data-widget_type=\"text-editor.default\">\n\t\t\t\t<div class=\"elementor-widget-container\">\n\t\t\t\t\t\t\t\t\t<ol>\n<li>F\u00f6rderung der Oppelner Linguistik zu einem im In- und Ausland anerkannten Forschungs- und Bildungszentrum mit mindestens der Kategorie B+.<\/li>\n<li>Weiterentwicklung des wissenschaftlichen Erbes in Bereichen, in denen die Oppelner Linguistik bereits eine gefestigte Position in der wissenschaftlichen Gemeinschaft erlangt hat, sowie in neuen Bereichen unter Ber\u00fccksichtigung der neuesten Methoden und Forschungsrichtungen.<\/li>\n<li>Nutzung der Stellung der Universit\u00e4t Opole als Europ\u00e4ische Universit\u00e4t und der Zusammenarbeit im Rahmen des FORTHEM-B\u00fcndnisses, um die Reichweite und das Ansehen der Forschung zu erweitern sowie deren Einfluss zu internationalisieren.<\/li>\n<li>Wiederaufbau der slawischen Sprachwissenschaft.<\/li>\n<li>Aufbau eines wissenschaftlichen Teams mit hohem wissenschaftlichem Potenzial im Bereich der Kultur- und Religionswissenschaften.<\/li>\n<\/ol>\n\t\t\t\t\t\t\t\t<\/div>\n\t\t\t\t<\/div>\n\t\t\t\t\t<\/div>\n\t\t\t\t<\/div>\n\t\t\t\t\t<\/div>\n\t\t\t\t<\/div>\n\t\t<div class=\"elementor-element elementor-element-1438001d e-flex e-con-boxed e-con e-parent\" data-id=\"1438001d\" data-element_type=\"container\" data-e-type=\"container\" data-settings=\"{&quot;jet_parallax_layout_list&quot;:[]}\">\n\t\t\t\t\t<div class=\"e-con-inner\">\n\t\t\t\t\t<\/div>\n\t\t\t\t<\/div>\n\t\t<div class=\"elementor-element elementor-element-629de05 e-flex e-con-boxed e-con e-parent\" data-id=\"629de05\" data-element_type=\"container\" data-e-type=\"container\" data-settings=\"{&quot;jet_parallax_layout_list&quot;:[]}\">\n\t\t\t\t\t<div class=\"e-con-inner\">\n\t\t\t\t<div class=\"elementor-element elementor-element-768db07 elementor-widget elementor-widget-heading\" data-id=\"768db07\" data-element_type=\"widget\" data-e-type=\"widget\" data-widget_type=\"heading.default\">\n\t\t\t\t<div class=\"elementor-widget-container\">\n\t\t\t\t\t<p class=\"elementor-heading-title elementor-size-default\">Schl\u00fcsselma\u00dfnahmen<\/p>\t\t\t\t<\/div>\n\t\t\t\t<\/div>\n\t\t\t\t\t<\/div>\n\t\t\t\t<\/div>\n\t\t<div class=\"elementor-element elementor-element-09d1309 e-flex e-con-boxed e-con e-parent\" data-id=\"09d1309\" data-element_type=\"container\" data-e-type=\"container\" data-settings=\"{&quot;jet_parallax_layout_list&quot;:[]}\">\n\t\t\t\t\t<div class=\"e-con-inner\">\n\t\t<div class=\"elementor-element elementor-element-5cff8c4 e-flex e-con-boxed e-con e-child\" data-id=\"5cff8c4\" data-element_type=\"container\" data-e-type=\"container\" data-settings=\"{&quot;jet_parallax_layout_list&quot;:[]}\">\n\t\t\t\t\t<div class=\"e-con-inner\">\n\t\t\t\t<div class=\"elementor-element elementor-element-7ad7a0a elementor-widget elementor-widget-text-editor\" data-id=\"7ad7a0a\" data-element_type=\"widget\" data-e-type=\"widget\" data-widget_type=\"text-editor.default\">\n\t\t\t\t<div class=\"elementor-widget-container\">\n\t\t\t\t\t\t\t\t\t<ol>\n<li>Zu 1.:\n<ol>\n<li>Einbindung der Mitarbeiter des Instituts in externe Gremien und Forschungsprojekte.<\/li>\n<li>Verbesserung der Kompetenzen bei der Konzeption und Durchf\u00fchrung hochwertiger Forschungsarbeiten, auch unter Einsatz neuester Forschungsmethoden und -instrumente, bei der Beantragung von F\u00f6rdermitteln, bei den Grunds\u00e4tzen der Erstellung wissenschaftlicher Artikel usw., durch Schulungen, Workshops und Kurse.<\/li>\n<li>Fortsetzung der Herausgabe der Zeitschrift \u201eStylistyka\u201c, die auf der ministeriellen Liste steht \u2013 Steigerung ihres Ansehens u. a. durch die Aufnahme in bedeutende Datenbanken, die Erweiterung des Kreises renommierter Autoren und Gutachter im In- und Ausland sowie das Erreichen einer h\u00f6heren Punktzahl.<\/li>\n<li>Umwandlung der Reihe \u201eGermanistische Werkstatt\u201c in eine punktierte Zeitschrift.<\/li>\n<li>Fortsetzung der Ver\u00f6ffentlichung von Monografien in den Reihen \u201eJ\u0119zyk a Edukacja\u201c, \u201eUnisono w wielog\u0142osie\u201c und \u201eStromata Anthropologica\u201c im Springer-Verlag.<\/li>\n<li>Ver\u00f6ffentlichung von Forschungsergebnissen in Publikationsmedien (auch im Open Access und unter einer entsprechenden Lizenz) und Repositorien, die die Indexierung und Identifizierung der Forschungsarbeiten (DOI\/ISBN) gew\u00e4hrleisten, sowie die \u00dcberwachung von Zitaten und des Einflusses dieser Forschungsarbeiten auf die wissenschaftliche Gemeinschaft.<\/li>\n<li>Organisation nationaler und internationaler wissenschaftlicher Veranstaltungen (Kongresse, Konferenzen, Symposien), einschlie\u00dflich der Fortsetzung regelm\u00e4\u00dfiger internationaler und nationaler wissenschaftlicher Konferenzen (zu Stilistik, Schlesien- und Kulturwissenschaften, Germanistik, Sprachdidaktik); Beteiligung an der Organisation von Konferenzen im Rahmen der Reihe internationaler onomastischer Konferenzen; Teilnahme von Mitarbeitern des Instituts an renommierten Veranstaltungen dieser Art im In- und Ausland.<\/li>\n<li>Modernisierung der Studieng\u00e4nge im Bereich der Sprachwissenschaft und Entwicklung neuer Studieng\u00e4nge, einschlie\u00dflich der Erweiterung der bisher auf Bachelor-Ebene angebotenen Studieng\u00e4nge um Masterstudieng\u00e4nge (Angewandte Linguistik, Logop\u00e4die); Erweiterung des Angebots an Aufbaustudieng\u00e4ngen.<\/li>\n<li>St\u00e4rkung der Position des Instituts als Pr\u00fcfungszentrum f\u00fcr Zertifikatspr\u00fcfungen, die die Kenntnisse der polnischen Sprache als Fremdsprache bescheinigen; Organisation von Pr\u00e4senz- und E-Learning-Kursen f\u00fcr Polnisch als Fremdsprache.<\/li>\n<li>F\u00f6rderung der wissenschaftlichen und didaktischen T\u00e4tigkeit: Zusammenarbeit mit anderen Einrichtungen (Kultur- und Bildungseinrichtungen usw.); Pr\u00e4sentation der wissenschaftlichen Leistungen und Verbreitung des didaktischen Angebots in der \u00d6ffentlichkeit.<\/li>\n<\/ol>\n<p><\/li>\n<p> \t<\/p>\n<li>Zu 2.:\n<ol>\n<li>Bildung von wissenschaftlichen Teams auf Lehrstuhl- und Institutsebene mit gemeinsamen Forschungsinteressen sowie von interdisziplin\u00e4ren Teams, auch unter Beteiligung von externen Forscherinnen und Forschern; Durchf\u00fchrung gemeinsamer Forschungsprojekte und Einwerbung von Finanzmitteln daf\u00fcr.<\/li>\n<p> \t<\/p>\n<li>Einrichtung eines Forschungszentrums f\u00fcr zeitgen\u00f6ssische Kommunikationsprozesse unter Nutzung der Ergebnisse des interdisziplin\u00e4ren Communication Research Lab.<\/li>\n<p> \t<\/p>\n<li>Durchf\u00fchrung von Forschungsprojekten im Bereich der Korpuslinguistik.<\/li>\n<p> \t<\/p>\n<li>Lehrb\u00fccher und didaktische Publikationen, Entw\u00fcrfe f\u00fcr Kurse und Module.<\/li>\n<p> \t<\/p>\n<li>Durchf\u00fchrung von Ma\u00dfnahmen zur wissenschaftlichen Aktivierung der Studierenden (z. B. Teilnahme an Konferenzen, Projekten) sowie zur Verbreitung ihrer wissenschaftlichen Leistungen (z. B. Ver\u00f6ffentlichung der Abschlussarbeit, Ver\u00f6ffentlichung von Beitr\u00e4gen in wissenschaftlichen Zeitschriften).<\/li>\n<p> \t<\/p>\n<li>F\u00f6rderung der Aktivit\u00e4ten studentischer Forschungsgruppen.<\/li>\n<p><\/ol>\n<p><\/li>\n<p> \t<\/p>\n<li>Zu 3.:\n<ol>\n<li>Finanzierung von Publikationen und Konferenzvortr\u00e4gen sowie von Prozessen zur Verbreitung wissenschaftlicher Forschungsergebnisse auf internationaler Ebene, die den Anforderungen an hohe wissenschaftliche Qualit\u00e4t gen\u00fcgen.<\/li>\n<p> \t<\/p>\n<li>Beteiligung an der Arbeit des FORTHEM Lab Multilingualism in School and Higher Education sowie anderer Arbeitsgruppen an der Schnittstelle zwischen Geistes- und Sozialwissenschaften, die Forschungs-, Entwicklungs- und gesellschaftliche Aktivit\u00e4ten (u. a. im Rahmen der Citizen Science) durchf\u00fchren.<\/li>\n<p> \t<\/p>\n<li>Aus\u00fcbung redaktioneller und begutachtender T\u00e4tigkeiten sowie Zusammenarbeit mit nationalen und internationalen Fachzeitschriften (u. a. Res Rhetorica, Tertium, European Journal of Humour Studies, Stylistyka, English for Specific Purposes, Academic Journal of Modern Philology).<\/li>\n<p> \t<\/p>\n<li>Nutzung von Mobilit\u00e4tsprogrammen wie Erasmus+ (und anderen) sowie von Fortbildungs- und Vernetzungsangeboten sowohl im Rahmen des FORTHEM-B\u00fcndnisses als auch im Rahmen anderer Initiativen (NAWA usw.) zum Aufbau internationaler Kontakte.<\/li>\n<p> \t<\/p>\n<li>Optimierung der institutionellen Infrastruktur (Websites, soziale Medien) im Hinblick auf die professionelle Kommunikation und Verbreitung der am Institut durchgef\u00fchrten linguistischen und kulturwissenschaftlichen Forschungsarbeiten;<\/li>\n<p> \t<\/p>\n<li>Organisation von Fortbildungen f\u00fcr wissenschaftliche Mitarbeiter zur Verbesserung ihrer Forschungs- und Managementkompetenzen.<\/li>\n<p> \t<\/p>\n<li>Entsendung von Mitarbeitern zur Vertretung des Instituts in Expertengremien und au\u00dferuniversit\u00e4ren Gremien (bei der Polnischen Akademie der Wissenschaften, dem Nationalen Forschungszentrum, dem Nationalen Zentrum f\u00fcr Forschung und Innovation, dem Nationalen Forschungs- und Entwicklungsamt, dem Ministerium f\u00fcr Bildung und Wissenschaft usw.) sowie in internationalen wissenschaftlichen Vereinigungen und Organisationen.<\/li>\n<p><\/ol>\n<p><\/li>\n<p> \t<\/p>\n<li>Zu 4.:\n<ol>\n<li>Steigerung der Anzahl von Ver\u00f6ffentlichungen in renommierten, punktierten Fachzeitschriften, Teilnahme an internationalen wissenschaftlichen Konferenzen, darunter an prestigetr\u00e4chtigen internationalen wissenschaftlichen Kongressen (Internationaler Slawistenkongress).<\/li>\n<p> \t<\/p>\n<li>Beteiligung von Mitarbeitern an Teams, die nationale und internationale Forschungsprojekte durchf\u00fchren.<\/li>\n<p> \t<\/p>\n<li>Organisation einer internationalen wissenschaftlichen slawistischen Konferenz.<\/li>\n<p> \t<\/p>\n<li>Gr\u00fcndung eines interdisziplin\u00e4ren internationalen Forschungsteams unter dem Namen \u201ePr\u00e4zedenzph\u00e4nomene\u201c.<\/li>\n<p> \t<\/p>\n<li>F\u00f6rderung der internationalen Mobilit\u00e4t der Mitarbeiter, z. B. Erasmus+, wissenschaftliche Praktika.<\/li>\n<p> \t<\/p>\n<li>Entwicklung neuer Studieng\u00e4nge mit den Schwerpunkten Bohemistik und Russistik sowie deren F\u00f6rderung.<\/li>\n<p><\/ol>\n<p><\/li>\n<p> \t<\/p>\n<li>Zu 5.:\n<ol>\n<li>Aufnahme der Parametrisierung der Disziplin Kultur- und Religionswissenschaft.<\/li>\n<p> \t<\/p>\n<li>Organisation nationaler und internationaler Konferenzen und wissenschaftlicher Tagungen<\/li>\n<p> \t<\/p>\n<li>Zusammenarbeit mit anderen wissenschaftlichen Einrichtungen, Verb\u00e4nden, Unternehmen und kommunalen Beh\u00f6rden, die sich mit Kultur und Medien befassen.<\/li>\n<p> \t<\/p>\n<li>Bildung interdisziplin\u00e4rer Forschungsteams, darunter die Gr\u00fcndung einer Forschungsgruppe, die gemeinsame Projekte, F\u00f6rderantr\u00e4ge und Publikationen im Bereich der Kultur- und Medienwissenschaften durchf\u00fchrt.<\/li>\n<p> \t<\/p>\n<li>Einrichtung eines neuen, zweisprachigen Bachelor-Studiengangs \u2013 Media Cultures.<\/li>\n<p> \t<\/p>\n<li>Einrichtung eines neuen, zweisprachigen Bachelor-Studiengangs \u2013 Media Cultures mit interdisziplin\u00e4rem Charakter, dessen Lernergebnisse den aktuellen Anforderungen des Arbeitsmarktes entsprechen.<\/li>\n<p> \t<\/p>\n<li>Vertiefung der Zusammenarbeit mit Branchenvertretern des Spielemarktes in Form von Treffen, Vortr\u00e4gen, Schulungen und Praktika f\u00fcr Studierende.<\/li>\n<p> \t<\/p>\n<li>Aufbau eines positiven Images der Studieng\u00e4nge Game Studies und Media Culture in den sozialen Medien, der regionalen und \u00fcberregionalen Presse, im Fernsehen und im Radio.<\/li>\n<p> \t<\/p>\n<li>Pflege bestehender und Aufbau neuer Beziehungen zwischen dem Institut und seinem Umfeld.<\/li>\n<p> \t<\/p>\n<li>Nutzung elektronischer Plattformen zur Verbreitung der Forschungsergebnisse der Mitarbeiter.<\/li>\n<p><\/ol>\n<p><\/li>\n<p><\/ol>\n\t\t\t\t\t\t\t\t<\/div>\n\t\t\t\t<\/div>\n\t\t\t\t\t<\/div>\n\t\t\t\t<\/div>\n\t\t\t\t\t<\/div>\n\t\t\t\t<\/div>\n\t\t<div class=\"elementor-element elementor-element-3906d0a9 e-flex e-con-boxed e-con e-parent\" data-id=\"3906d0a9\" data-element_type=\"container\" data-e-type=\"container\" data-settings=\"{&quot;jet_parallax_layout_list&quot;:[]}\">\n\t\t\t\t\t<div class=\"e-con-inner\">\n\t\t\t\t\t<\/div>\n\t\t\t\t<\/div>\n\t\t\t\t<\/div>\n\t\t","protected":false},"excerpt":{"rendered":"<p>Entwicklungsstrategie Vision Das Institut f\u00fcr Sprachwissenschaft ist als wissenschaftliches Zentrum im Inland und in Europa bekannt f\u00fcr die Oppelner Schule der Stilistik und die Oppelner Schule der Volkskunde sowie f\u00fcr die schlesische Forschung zu Sprache und Kultur. Gesch\u00e4tzt und in polnischen und ausl\u00e4ndischen Publikationen zitiert werden Arbeiten aus dem Bereich der Kulturlinguistik, darunter der Phraseologie, [&hellip;]<\/p>\n","protected":false},"author":5,"featured_media":0,"parent":0,"menu_order":0,"comment_status":"closed","ping_status":"closed","template":"","meta":{"footnotes":""},"class_list":["post-11346","page","type-page","status-publish","hentry"],"_links":{"self":[{"href":"https:\/\/ij.uni.opole.pl\/de\/wp-json\/wp\/v2\/pages\/11346","targetHints":{"allow":["GET"]}}],"collection":[{"href":"https:\/\/ij.uni.opole.pl\/de\/wp-json\/wp\/v2\/pages"}],"about":[{"href":"https:\/\/ij.uni.opole.pl\/de\/wp-json\/wp\/v2\/types\/page"}],"author":[{"embeddable":true,"href":"https:\/\/ij.uni.opole.pl\/de\/wp-json\/wp\/v2\/users\/5"}],"replies":[{"embeddable":true,"href":"https:\/\/ij.uni.opole.pl\/de\/wp-json\/wp\/v2\/comments?post=11346"}],"version-history":[{"count":1,"href":"https:\/\/ij.uni.opole.pl\/de\/wp-json\/wp\/v2\/pages\/11346\/revisions"}],"predecessor-version":[{"id":11347,"href":"https:\/\/ij.uni.opole.pl\/de\/wp-json\/wp\/v2\/pages\/11346\/revisions\/11347"}],"wp:attachment":[{"href":"https:\/\/ij.uni.opole.pl\/de\/wp-json\/wp\/v2\/media?parent=11346"}],"curies":[{"name":"wp","href":"https:\/\/api.w.org\/{rel}","templated":true}]}}