  {"id":11320,"date":"2024-05-10T13:19:54","date_gmt":"2024-05-10T11:19:54","guid":{"rendered":"https:\/\/ij.uni.opole.pl\/struktur\/"},"modified":"2026-05-12T09:49:15","modified_gmt":"2026-05-12T07:49:15","slug":"struktur","status":"publish","type":"page","link":"https:\/\/ij.uni.opole.pl\/de\/struktur\/","title":{"rendered":"Struktur"},"content":{"rendered":"\t\t<div data-elementor-type=\"wp-page\" data-elementor-id=\"11320\" class=\"elementor elementor-11320 elementor-8400\" data-elementor-post-type=\"page\">\n\t\t\t\t<div class=\"elementor-element elementor-element-6bfd38b0 e-flex e-con-boxed e-con e-parent\" data-id=\"6bfd38b0\" data-element_type=\"container\" data-e-type=\"container\" data-settings=\"{&quot;jet_parallax_layout_list&quot;:[]}\">\n\t\t\t\t\t<div class=\"e-con-inner\">\n\t\t\t\t<div class=\"elementor-element elementor-element-42a2a16a elementor-widget elementor-widget-heading\" data-id=\"42a2a16a\" data-element_type=\"widget\" data-e-type=\"widget\" data-widget_type=\"heading.default\">\n\t\t\t\t<div class=\"elementor-widget-container\">\n\t\t\t\t\t<h1 class=\"elementor-heading-title elementor-size-default\">Struktur<\/h1>\t\t\t\t<\/div>\n\t\t\t\t<\/div>\n\t\t\t\t\t<\/div>\n\t\t\t\t<\/div>\n\t\t<div class=\"elementor-element elementor-element-3578071a e-flex e-con-boxed e-con e-parent\" data-id=\"3578071a\" data-element_type=\"container\" data-e-type=\"container\" data-settings=\"{&quot;jet_parallax_layout_list&quot;:[]}\">\n\t\t\t\t\t<div class=\"e-con-inner\">\n\t\t\t\t<div class=\"elementor-element elementor-element-8c9f6f9 elementor-widget elementor-widget-heading\" data-id=\"8c9f6f9\" data-element_type=\"widget\" data-e-type=\"widget\" data-widget_type=\"heading.default\">\n\t\t\t\t<div class=\"elementor-widget-container\">\n\t\t\t\t\t<p class=\"elementor-heading-title elementor-size-default\">Lehrstuhllen<\/p>\t\t\t\t<\/div>\n\t\t\t\t<\/div>\n\t\t\t\t\t<\/div>\n\t\t\t\t<\/div>\n\t\t<div class=\"elementor-element elementor-element-6dc97ec7 e-flex e-con-boxed e-con e-parent\" data-id=\"6dc97ec7\" data-element_type=\"container\" data-e-type=\"container\" data-settings=\"{&quot;jet_parallax_layout_list&quot;:[]}\">\n\t\t\t\t\t<div class=\"e-con-inner\">\n\t\t<div class=\"elementor-element elementor-element-1b5d661 e-flex e-con-boxed e-con e-child\" data-id=\"1b5d661\" data-element_type=\"container\" data-e-type=\"container\" data-settings=\"{&quot;jet_parallax_layout_list&quot;:[]}\">\n\t\t\t\t\t<div class=\"e-con-inner\">\n\t\t\t\t<div class=\"elementor-element elementor-element-d1e3074 elementor-widget elementor-widget-text-editor\" data-id=\"d1e3074\" data-element_type=\"widget\" data-e-type=\"widget\" data-widget_type=\"text-editor.default\">\n\t\t\t\t<div class=\"elementor-widget-container\">\n\t\t\t\t\t\t\t\t\t<p><a href=\"https:\/\/ij.uni.opole.pl\/de\/struktur\/lehrstuhl-fuer-englischerwerb\/\">Lehrstuhl f\u00fcr Englischerwerb<\/a><\/p>\n<p><a href=\"https:\/\/ij.uni.opole.pl\/de\/struktur\/lehrstuhl-fuer-englische-sprache\/\">Lehrstuhl f\u00fcr Englische Sprache<\/a><\/p>\n<p><a href=\"https:\/\/ij.uni.opole.pl\/de\/struktur\/lehrstuhl-fuer-franzoesische-sprache\/\">Lehrstuhl f\u00fcr Franz\u00f6sische Sprache<\/a><\/p>\n<p><a href=\"https:\/\/ij.uni.opole.pl\/de\/struktur\/lehrstuhl-fuer-deutsche-sprache\/\">Lehrstuhl f\u00fcr Deutsche Sprache<\/a><\/p>\n<p><a href=\"https:\/\/ij.uni.opole.pl\/de\/struktur\/lehrstuhl-fuer-polnische-sprache\/\">Lehrstuhl f\u00fcr Polnische Sprache<\/a><\/p>\n<p><a href=\"https:\/\/ij.uni.opole.pl\/de\/struktur\/lehrstuhl-fuer-slawische-sprachen\/\">Lehrstuhl f\u00fcr Slawische Sprachen<\/a><\/p>\n<p><a href=\"https:\/\/ij.uni.opole.pl\/de\/struktur\/lehrstuhl-fuer-logopaedie\/\">Lehrstuhl f\u00fcr Logop\u00e4die<\/a><\/p>\n<p><a href=\"https:\/\/ij.uni.opole.pl\/de\/struktur\/lehrstuhl-fuer-kultur-und-religionswissenschaften\/\">Lehrstuhl f\u00fcr Kultur und Religionswissenschaften<\/a><\/p>\n\t\t\t\t\t\t\t\t<\/div>\n\t\t\t\t<\/div>\n\t\t\t\t\t<\/div>\n\t\t\t\t<\/div>\n\t\t\t\t\t<\/div>\n\t\t\t\t<\/div>\n\t\t<div class=\"elementor-element elementor-element-bc41c23 e-flex e-con-boxed e-con e-parent\" data-id=\"bc41c23\" data-element_type=\"container\" data-e-type=\"container\" data-settings=\"{&quot;jet_parallax_layout_list&quot;:[]}\">\n\t\t\t\t\t<div class=\"e-con-inner\">\n\t\t\t\t<div class=\"elementor-element elementor-element-6a09e7f elementor-widget elementor-widget-spacer\" data-id=\"6a09e7f\" data-element_type=\"widget\" data-e-type=\"widget\" data-widget_type=\"spacer.default\">\n\t\t\t\t<div class=\"elementor-widget-container\">\n\t\t\t\t\t\t\t<div class=\"elementor-spacer\">\n\t\t\t<div class=\"elementor-spacer-inner\"><\/div>\n\t\t<\/div>\n\t\t\t\t\t\t<\/div>\n\t\t\t\t<\/div>\n\t\t\t\t\t<\/div>\n\t\t\t\t<\/div>\n\t\t\t\t<\/div>\n\t\t","protected":false},"excerpt":{"rendered":"<p>Struktur Lehrstuhllen Lehrstuhl f\u00fcr Englischerwerb Lehrstuhl f\u00fcr Englische Sprache Lehrstuhl f\u00fcr Franz\u00f6sische Sprache Lehrstuhl f\u00fcr Deutsche Sprache Lehrstuhl f\u00fcr Polnische Sprache Lehrstuhl f\u00fcr Slawische Sprachen Lehrstuhl f\u00fcr Logop\u00e4die Lehrstuhl f\u00fcr Kultur und Religionswissenschaften<\/p>\n","protected":false},"author":5,"featured_media":0,"parent":0,"menu_order":0,"comment_status":"closed","ping_status":"closed","template":"","meta":{"footnotes":""},"class_list":["post-11320","page","type-page","status-publish","hentry"],"_links":{"self":[{"href":"https:\/\/ij.uni.opole.pl\/de\/wp-json\/wp\/v2\/pages\/11320","targetHints":{"allow":["GET"]}}],"collection":[{"href":"https:\/\/ij.uni.opole.pl\/de\/wp-json\/wp\/v2\/pages"}],"about":[{"href":"https:\/\/ij.uni.opole.pl\/de\/wp-json\/wp\/v2\/types\/page"}],"author":[{"embeddable":true,"href":"https:\/\/ij.uni.opole.pl\/de\/wp-json\/wp\/v2\/users\/5"}],"replies":[{"embeddable":true,"href":"https:\/\/ij.uni.opole.pl\/de\/wp-json\/wp\/v2\/comments?post=11320"}],"version-history":[{"count":5,"href":"https:\/\/ij.uni.opole.pl\/de\/wp-json\/wp\/v2\/pages\/11320\/revisions"}],"predecessor-version":[{"id":11345,"href":"https:\/\/ij.uni.opole.pl\/de\/wp-json\/wp\/v2\/pages\/11320\/revisions\/11345"}],"wp:attachment":[{"href":"https:\/\/ij.uni.opole.pl\/de\/wp-json\/wp\/v2\/media?parent=11320"}],"curies":[{"name":"wp","href":"https:\/\/api.w.org\/{rel}","templated":true}]}}