  {"id":11265,"date":"2024-05-10T13:19:31","date_gmt":"2024-05-10T11:19:31","guid":{"rendered":"https:\/\/ij.uni.opole.pl\/rat-des-instituts\/"},"modified":"2026-05-11T13:47:46","modified_gmt":"2026-05-11T11:47:46","slug":"rat-des-instituts","status":"publish","type":"page","link":"https:\/\/ij.uni.opole.pl\/de\/rat-des-instituts\/","title":{"rendered":"Rat des Instituts"},"content":{"rendered":"\t\t<div data-elementor-type=\"wp-page\" data-elementor-id=\"11265\" class=\"elementor elementor-11265 elementor-8399\" data-elementor-post-type=\"page\">\n\t\t\t\t<div class=\"elementor-element elementor-element-1bd46d3a e-flex e-con-boxed e-con e-parent\" data-id=\"1bd46d3a\" data-element_type=\"container\" data-e-type=\"container\" data-settings=\"{&quot;jet_parallax_layout_list&quot;:[]}\">\n\t\t\t\t\t<div class=\"e-con-inner\">\n\t\t\t\t<div class=\"elementor-element elementor-element-76e0e940 elementor-widget elementor-widget-heading\" data-id=\"76e0e940\" data-element_type=\"widget\" data-e-type=\"widget\" data-widget_type=\"heading.default\">\n\t\t\t\t<div class=\"elementor-widget-container\">\n\t\t\t\t\t<h1 class=\"elementor-heading-title elementor-size-default\">Rat des Instituts<\/h1>\t\t\t\t<\/div>\n\t\t\t\t<\/div>\n\t\t\t\t\t<\/div>\n\t\t\t\t<\/div>\n\t\t<div class=\"elementor-element elementor-element-66d5343c e-flex e-con-boxed e-con e-parent\" data-id=\"66d5343c\" data-element_type=\"container\" data-e-type=\"container\" data-settings=\"{&quot;jet_parallax_layout_list&quot;:[]}\">\n\t\t\t\t\t<div class=\"e-con-inner\">\n\t\t\t\t<div class=\"elementor-element elementor-element-3d9f1d4c elementor-widget elementor-widget-heading\" data-id=\"3d9f1d4c\" data-element_type=\"widget\" data-e-type=\"widget\" data-widget_type=\"heading.default\">\n\t\t\t\t<div class=\"elementor-widget-container\">\n\t\t\t\t\t<p class=\"elementor-heading-title elementor-size-default\">Zusammensetzung des Institutsrats f\u00fcr die Amtszeit 2024\u20132028<\/p>\t\t\t\t<\/div>\n\t\t\t\t<\/div>\n\t\t\t\t\t<\/div>\n\t\t\t\t<\/div>\n\t\t<div class=\"elementor-element elementor-element-685841f0 e-flex e-con-boxed e-con e-parent\" data-id=\"685841f0\" data-element_type=\"container\" data-e-type=\"container\" data-settings=\"{&quot;jet_parallax_layout_list&quot;:[]}\">\n\t\t\t\t\t<div class=\"e-con-inner\">\n\t\t<div class=\"elementor-element elementor-element-2a206e6b e-flex e-con-boxed e-con e-child\" data-id=\"2a206e6b\" data-element_type=\"container\" data-e-type=\"container\" data-settings=\"{&quot;jet_parallax_layout_list&quot;:[]}\">\n\t\t\t\t\t<div class=\"e-con-inner\">\n\t\t\t\t<div class=\"elementor-element elementor-element-29ee238 elementor-widget elementor-widget-text-editor\" data-id=\"29ee238\" data-element_type=\"widget\" data-e-type=\"widget\" data-widget_type=\"text-editor.default\">\n\t\t\t\t<div class=\"elementor-widget-container\">\n\t\t\t\t\t\t\t\t\t<p><strong>Vorsitzende des Institutsrats:<u><br \/>\n<\/u><\/strong>Dr. habil. Anna Tabisz, Prof. der Universit\u00e4t Opole \u2013 Direktorin des Instituts f\u00fcr Sprachwisenschaft<\/p>\n<p><strong>Mitglieder des Institutsrats:<br \/>\n<\/strong>Dr. habil. Gra\u017cyna Balowska, Prof. der Universit\u00e4t Opole<br \/>Dr. Daniel Borysowski<br \/>Prof. Dr. habil. Dorota Brzozowska<br \/>Dr. habil. Magdalena Da\u0144ko, Prof. der Universit\u00e4t Opole<br \/>Dr. habil. Aleksander Gadomski, Prof. der Universit\u00e4t Opole<br \/>Prof. Dr. habil. \u0141ukasz Grabowski<br \/>Prof. Dr. habil. Felicja Ksi\u0119\u017cyk<br \/>Dr. habil. Jan Lazar, Prof. der Universit\u00e4t Opole<br \/>Dr. habil. Danuta Lech-Kirstein, Prof. der Universit\u00e4t Opole<br \/>Dr. habil. Katarzyna \u0141e\u0144ska-B\u0105k, Prof. der Universit\u00e4t Opole<br \/>Dr. Mariola Majnusz Stadnik \u2013 stellvertretende Direktorin des Instituts f\u00fcr Sprachwissenschaft<br \/>Dr. habil. Marzena Makuchowska, Prof. der Universit\u00e4t Opole<br \/>Dr. habil. Katarzyna Molek-Kozakowska, Prof. der Universit\u00e4t Opole<br \/>Dr. habil. Stankomir Nicieja, Prof. der Universit\u00e4t Opole<br \/>Prof. Dr. habil. Jolanta Noco\u0144<br \/>Dr. habil. Daniela Pelka, Prof. der Universit\u00e4t Opole<br \/>Prof. Dr. habil. Ewa Piechurska-Kuciel<br \/>Dr. habil. Miros\u0142awa Podhajecka, Prof. der Universit\u00e4t Opole<br \/>Dr. Marzanna Pogorzelska<br \/>Dr. habil. Lidia Przymusza\u0142a, Prof. der Universit\u00e4t Opole<br \/>Dr. Urszula Sawicka<br \/>Prof. Dr. habil. Krzysztof Skowro\u0144ski<br \/>Dr. habil. Dorota \u015awita\u0142a-Trybek, Prof. der Universit\u00e4t Opole<br \/>Dr. Magdalena Szyszka<\/p>\n<p><a href=\"https:\/\/monitor.uni.opole.pl\/wp-content\/uploads\/ZR_78_2024-powolanie-RI-J-2024-2028.pdf\">Verordnung des Rektors \u00fcber die Ernennung des Rates des Instituts f\u00fcr Sprachwissenschaft der Universit\u00e4t Opole f\u00fcr die Amtszeit 2024\u20132028<\/a><\/p>\n\t\t\t\t\t\t\t\t<\/div>\n\t\t\t\t<\/div>\n\t\t\t\t\t<\/div>\n\t\t\t\t<\/div>\n\t\t\t\t\t<\/div>\n\t\t\t\t<\/div>\n\t\t<div class=\"elementor-element elementor-element-7641225 e-flex e-con-boxed e-con e-parent\" data-id=\"7641225\" data-element_type=\"container\" data-e-type=\"container\" data-settings=\"{&quot;jet_parallax_layout_list&quot;:[]}\">\n\t\t\t\t\t<div class=\"e-con-inner\">\n\t\t\t\t\t<\/div>\n\t\t\t\t<\/div>\n\t\t\t\t<\/div>\n\t\t","protected":false},"excerpt":{"rendered":"<p>Rat des Instituts Zusammensetzung des Institutsrats f\u00fcr die Amtszeit 2024\u20132028 Vorsitzende des Institutsrats: Dr. habil. Anna Tabisz, Prof. der Universit\u00e4t Opole \u2013 Direktorin des Instituts f\u00fcr Sprachwisenschaft Mitglieder des Institutsrats: Dr. habil. Gra\u017cyna Balowska, Prof. der Universit\u00e4t OpoleDr. Daniel BorysowskiProf. Dr. habil. Dorota BrzozowskaDr. habil. Magdalena Da\u0144ko, Prof. der Universit\u00e4t OpoleDr. habil. Aleksander Gadomski, Prof. [&hellip;]<\/p>\n","protected":false},"author":5,"featured_media":0,"parent":0,"menu_order":0,"comment_status":"closed","ping_status":"closed","template":"","meta":{"footnotes":""},"class_list":["post-11265","page","type-page","status-publish","hentry"],"_links":{"self":[{"href":"https:\/\/ij.uni.opole.pl\/de\/wp-json\/wp\/v2\/pages\/11265","targetHints":{"allow":["GET"]}}],"collection":[{"href":"https:\/\/ij.uni.opole.pl\/de\/wp-json\/wp\/v2\/pages"}],"about":[{"href":"https:\/\/ij.uni.opole.pl\/de\/wp-json\/wp\/v2\/types\/page"}],"author":[{"embeddable":true,"href":"https:\/\/ij.uni.opole.pl\/de\/wp-json\/wp\/v2\/users\/5"}],"replies":[{"embeddable":true,"href":"https:\/\/ij.uni.opole.pl\/de\/wp-json\/wp\/v2\/comments?post=11265"}],"version-history":[{"count":1,"href":"https:\/\/ij.uni.opole.pl\/de\/wp-json\/wp\/v2\/pages\/11265\/revisions"}],"predecessor-version":[{"id":11266,"href":"https:\/\/ij.uni.opole.pl\/de\/wp-json\/wp\/v2\/pages\/11265\/revisions\/11266"}],"wp:attachment":[{"href":"https:\/\/ij.uni.opole.pl\/de\/wp-json\/wp\/v2\/media?parent=11265"}],"curies":[{"name":"wp","href":"https:\/\/api.w.org\/{rel}","templated":true}]}}